{"id":47,"date":"2023-04-24T10:02:43","date_gmt":"2023-04-24T10:02:43","guid":{"rendered":"http:\/\/3.69.234.179\/?page_id=47"},"modified":"2025-10-20T12:21:15","modified_gmt":"2025-10-20T11:21:15","slug":"szolgaltatasok","status":"publish","type":"page","link":"https:\/\/www.karimagyartas.hu\/en\/services\/","title":{"rendered":"Services"},"content":{"rendered":"\t\t<div data-elementor-type=\"wp-page\" data-elementor-id=\"47\" class=\"elementor elementor-47\" data-elementor-post-type=\"page\">\n\t\t\t\t<div class=\"elementor-element elementor-element-774bd70 e-flex e-con-boxed e-con e-parent\" data-id=\"774bd70\" data-element_type=\"container\" data-settings=\"{&quot;background_background&quot;:&quot;gradient&quot;}\">\n\t\t\t\t\t<div class=\"e-con-inner\">\n\t\t\t\t<div class=\"elementor-element elementor-element-14de37e7 elementor-widget elementor-widget-heading\" data-id=\"14de37e7\" data-element_type=\"widget\" data-widget_type=\"heading.default\">\n\t\t\t\t\t<h2 class=\"elementor-heading-title elementor-size-default\">Services<\/h2>\t\t\t\t<\/div>\n\t\t\t\t\t<\/div>\n\t\t\t\t<\/div>\n\t\t<div class=\"elementor-element elementor-element-14c723e e-flex e-con-boxed e-con e-parent\" data-id=\"14c723e\" data-element_type=\"container\" data-settings=\"{&quot;background_background&quot;:&quot;classic&quot;}\">\n\t\t\t\t\t<div class=\"e-con-inner\">\n\t\t<div class=\"elementor-element elementor-element-79e1778 e-con-full e-flex e-con e-child\" data-id=\"79e1778\" data-element_type=\"container\">\n\t\t\t\t<div class=\"elementor-element elementor-element-5515a0f elementor-widget elementor-widget-heading\" data-id=\"5515a0f\" data-element_type=\"widget\" data-widget_type=\"heading.default\">\n\t\t\t\t\t<h3 class=\"elementor-heading-title elementor-size-default\">CNC Flame (Oxyfuel)  and plasma cutting<\/h3>\t\t\t\t<\/div>\n\t\t\t\t<div class=\"elementor-element elementor-element-fef8095 elementor-widget elementor-widget-text-editor\" data-id=\"fef8095\" data-element_type=\"widget\" data-widget_type=\"text-editor.default\">\n\t\t\t\t\t\t\t\t\t<p>2 CNC-controlled machines with 2 or 4 cutting heads installed at our company, we are able to undertake flame cutting up to 200x2000x6000mm, in addition plasma cutting up to 40x2000x6000mm with the Hypertherm 260xD plasma equipment.<\/p>\t\t\t\t\t\t\t\t<\/div>\n\t\t\t\t<\/div>\n\t\t<div class=\"elementor-element elementor-element-3f4d5d8 e-con-full e-flex e-con e-child\" data-id=\"3f4d5d8\" data-element_type=\"container\">\n\t\t\t\t<div class=\"elementor-element elementor-element-e7cbc03 elementor-widget elementor-widget-heading\" data-id=\"e7cbc03\" data-element_type=\"widget\" data-widget_type=\"heading.default\">\n\t\t\t\t\t<h3 class=\"elementor-heading-title elementor-size-default\">Production of heavy machine components<\/h3>\t\t\t\t<\/div>\n\t\t\t\t<div class=\"elementor-element elementor-element-6a0df9b elementor-widget elementor-widget-text-editor\" data-id=\"6a0df9b\" data-element_type=\"widget\" data-widget_type=\"text-editor.default\">\n\t\t\t\t\t\t\t\t\t<p>We take over the cutting and sawing of pipes with different wall thicknesses. The design and manufacture of bushings, bearing housing, hubs and discs.<\/p>\t\t\t\t\t\t\t\t<\/div>\n\t\t\t\t<\/div>\n\t\t<div class=\"elementor-element elementor-element-ecae3fc e-con-full e-flex e-con e-child\" data-id=\"ecae3fc\" data-element_type=\"container\">\n\t\t\t\t<div class=\"elementor-element elementor-element-14de4dd elementor-widget elementor-widget-heading\" data-id=\"14de4dd\" data-element_type=\"widget\" data-widget_type=\"heading.default\">\n\t\t\t\t\t<h3 class=\"elementor-heading-title elementor-size-default\">Profile rolling<\/h3>\t\t\t\t<\/div>\n\t\t\t\t<div class=\"elementor-element elementor-element-e779e00 elementor-widget elementor-widget-text-editor\" data-id=\"e779e00\" data-element_type=\"widget\" data-widget_type=\"text-editor.default\">\n\t\t\t\t\t\t\t\t\t<p>With our Faccin RCMI-170 rolling machine, we can roll different structural steel profiles according to the material quality.<\/p>\t\t\t\t\t\t\t\t<\/div>\n\t\t\t\t<\/div>\n\t\t<div class=\"elementor-element elementor-element-4276369 e-con-full e-flex e-con e-child\" data-id=\"4276369\" data-element_type=\"container\">\n\t\t\t\t<div class=\"elementor-element elementor-element-5f25b58 elementor-widget elementor-widget-heading\" data-id=\"5f25b58\" data-element_type=\"widget\" data-widget_type=\"heading.default\">\n\t\t\t\t\t<h3 class=\"elementor-heading-title elementor-size-default\">Sandblasting (Grain spraying)<\/h3>\t\t\t\t<\/div>\n\t\t\t\t<div class=\"elementor-element elementor-element-9a01248 elementor-widget elementor-widget-text-editor\" data-id=\"9a01248\" data-element_type=\"widget\" data-widget_type=\"text-editor.default\">\n\t\t\t\t\t\t\t\t\t<p>The part of the orders where the customer requests a sanblasting surface for the ordered products is carried out in our own cabins. The useful spreading area of the motorized Y-track 2&#215;1 ton automatic cabin equipped with a crane is 1500x2000mm. In the manual spray container, we can clean surfaces up to 2000x6000x1500mm.<\/p>\t\t\t\t\t\t\t\t<\/div>\n\t\t\t\t<\/div>\n\t\t<div class=\"elementor-element elementor-element-5341e8f e-con-full e-flex e-con e-child\" data-id=\"5341e8f\" data-element_type=\"container\">\n\t\t\t\t<div class=\"elementor-element elementor-element-c36634f elementor-widget elementor-widget-heading\" data-id=\"c36634f\" data-element_type=\"widget\" data-widget_type=\"heading.default\">\n\t\t\t\t\t<h3 class=\"elementor-heading-title elementor-size-default\">Pipe flange production and trade<\/h3>\t\t\t\t<\/div>\n\t\t\t\t<div class=\"elementor-element elementor-element-80c41be elementor-widget elementor-widget-text-editor\" data-id=\"80c41be\" data-element_type=\"widget\" data-widget_type=\"text-editor.default\">\n\t\t\t\t\t\t\t\t\t<p>Our company has been engaged in the production and trade of standard and unique pipe flanges for more than 20 years. Our product range includes flanges according to the EN1092-1 standard, the older Hungarian MSZ, the German DIN, as well as flanges manufactured according to the standards of other nations (ANSI, JIS, etc.). In addition, we also undertake the production of flanges, rings and , tubesheet with unique parameters on short notice. Please verify OUR PRODUCTS.<\/p>\t\t\t\t\t\t\t\t<\/div>\n\t\t\t\t<\/div>\n\t\t\t\t\t<\/div>\n\t\t\t\t<\/div>\n\t\t\t\t<\/div>\n\t\t","protected":false},"excerpt":{"rendered":"<p>Szolg\u00e1ltat\u00e1sok CNC L\u00e1ng- \u00e9s plazmav\u00e1g\u00e1s A c\u00e9g\u00fcnkn\u00e9l 2 db CNC vez\u00e9relt, 2 illetve 4 v\u00e1g\u00f3fejes plazma- \u00e9s l\u00e1ngv\u00e1g\u00f3 g\u00e9p dolgozik. L\u00e1ngv\u00e1g\u00e1s: 200x2000x6000mm m\u00e9retigPlazmav\u00e1g\u00e1s: 40x2000x6000mm m\u00e9retigAnyagmin\u0151s\u00e9g f\u00fcggv\u00e9ny\u00e9ben v\u00e1ltozhat. Neh\u00e9zg\u00e9pelem-alkatr\u00e9sz gy\u00e1rt\u00e1s V\u00e1llaljuk k\u00fcl\u00f6nb\u00f6z\u0151 falvastags\u00e1g\u00fa cs\u00f6vek m\u00e9retre v\u00e1g\u00e1s\u00e1t, forg\u00e1csol\u00e1s\u00e1t. Csap\u00e1gyh\u00e1zak, perselyek, agyak, t\u00e1rcs\u00e1k kialak\u00edt\u00e1s\u00e1t, gy\u00e1rt\u00e1s\u00e1t. Profilhenger\u00edt\u00e9s A Faccin RCMI-170 henger\u00edt\u0151g\u00e9p\u00fcnkkel k\u00fcl\u00f6nb\u00f6z\u0151 szerkezeti ac\u00e9lprofilok henger\u00edt\u00e9s\u00e9t tudjuk v\u00e1llalni anyagmin\u0151s\u00e9gt\u0151l f\u00fcgg\u0151en. [&hellip;]<\/p>\n","protected":false},"author":2,"featured_media":0,"parent":0,"menu_order":0,"comment_status":"closed","ping_status":"closed","template":"","meta":{"footnotes":""},"class_list":["post-47","page","type-page","status-publish","hentry"],"yoast_head":"<!-- This site is optimized with the Yoast SEO plugin v26.1.1 - https:\/\/yoast.com\/wordpress\/plugins\/seo\/ -->\n<title>Services<\/title>\n<meta name=\"robots\" content=\"index, follow, max-snippet:-1, max-image-preview:large, max-video-preview:-1\" \/>\n<meta property=\"og:locale\" content=\"en_US\" \/>\n<meta property=\"og:type\" content=\"article\" \/>\n<meta property=\"og:title\" content=\"Services\" \/>\n<meta property=\"og:url\" content=\"https:\/\/www.karimagyartas.hu\/en\/services\/\" \/>\n<meta property=\"og:site_name\" content=\"SGN-STEEL Kft.\" \/>\n<meta property=\"article:modified_time\" content=\"2025-10-20T11:21:15+00:00\" \/>\n<meta name=\"twitter:card\" content=\"summary_large_image\" \/>\n<meta name=\"twitter:label1\" content=\"Est. reading time\" \/>\n\t<meta name=\"twitter:data1\" content=\"1 minute\" \/>\n<script type=\"application\/ld+json\" class=\"yoast-schema-graph\">{\"@context\":\"https:\/\/schema.org\",\"@graph\":[{\"@type\":\"WebPage\",\"@id\":\"https:\/\/www.karimagyartas.hu\/en\/services\/\",\"url\":\"https:\/\/www.karimagyartas.hu\/en\/services\/\",\"name\":\"Szolg\u00e1ltat\u00e1sok - SGN-STEEL Kft.\",\"isPartOf\":{\"@id\":\"https:\/\/www.karimagyartas.hu\/#website\"},\"datePublished\":\"2023-04-24T10:02:43+00:00\",\"dateModified\":\"2025-10-20T11:21:15+00:00\",\"breadcrumb\":{\"@id\":\"https:\/\/www.karimagyartas.hu\/en\/services\/#breadcrumb\"},\"inLanguage\":\"en-US\",\"potentialAction\":[{\"@type\":\"ReadAction\",\"target\":[\"https:\/\/www.karimagyartas.hu\/en\/services\/\"]}]},{\"@type\":\"BreadcrumbList\",\"@id\":\"https:\/\/www.karimagyartas.hu\/en\/services\/#breadcrumb\",\"itemListElement\":[{\"@type\":\"ListItem\",\"position\":1,\"name\":\"Home\",\"item\":\"https:\/\/www.karimagyartas.hu\/\"},{\"@type\":\"ListItem\",\"position\":2,\"name\":\"Services\"}]},{\"@type\":\"WebSite\",\"@id\":\"https:\/\/www.karimagyartas.hu\/en\/#website\",\"url\":\"https:\/\/www.karimagyartas.hu\/en\/\",\"name\":\"SGN-STEEL Kft.\",\"description\":\"\",\"publisher\":{\"@id\":\"https:\/\/www.karimagyartas.hu\/en\/#organization\"},\"potentialAction\":[{\"@type\":\"SearchAction\",\"target\":{\"@type\":\"EntryPoint\",\"urlTemplate\":\"https:\/\/www.karimagyartas.hu\/en\/?s={search_term_string}\"},\"query-input\":{\"@type\":\"PropertyValueSpecification\",\"valueRequired\":true,\"valueName\":\"search_term_string\"}}],\"inLanguage\":\"en-US\"},{\"@type\":\"Organization\",\"@id\":\"https:\/\/www.karimagyartas.hu\/en\/#organization\",\"name\":\"SGN-STEEL Kft.\",\"url\":\"https:\/\/www.karimagyartas.hu\/en\/\",\"logo\":{\"@type\":\"ImageObject\",\"inLanguage\":\"en-US\",\"@id\":\"https:\/\/www.karimagyartas.hu\/en\/#\/schema\/logo\/image\/\",\"url\":\"https:\/\/www.karimagyartas.hu\/wp-content\/uploads\/2023\/04\/SGN-logo_uj.png\",\"contentUrl\":\"https:\/\/www.karimagyartas.hu\/wp-content\/uploads\/2023\/04\/SGN-logo_uj.png\",\"width\":2520,\"height\":600,\"caption\":\"SGN-STEEL Kft.\"},\"image\":{\"@id\":\"https:\/\/www.karimagyartas.hu\/en\/#\/schema\/logo\/image\/\"}}]}<\/script>\n<!-- \/ Yoast SEO plugin. -->","yoast_head_json":{"title":"Services","robots":{"index":"index","follow":"follow","max-snippet":"max-snippet:-1","max-image-preview":"max-image-preview:large","max-video-preview":"max-video-preview:-1"},"og_locale":"en_US","og_type":"article","og_title":"Services","og_url":"https:\/\/www.karimagyartas.hu\/en\/services\/","og_site_name":"SGN-STEEL Kft.","article_modified_time":"2025-10-20T11:21:15+00:00","twitter_card":"summary_large_image","twitter_misc":{"Est. reading time":"1 minute"},"schema":{"@context":"https:\/\/schema.org","@graph":[{"@type":"WebPage","@id":"https:\/\/www.karimagyartas.hu\/en\/services\/","url":"https:\/\/www.karimagyartas.hu\/en\/services\/","name":"Szolg\u00e1ltat\u00e1sok - SGN-STEEL Kft.","isPartOf":{"@id":"https:\/\/www.karimagyartas.hu\/#website"},"datePublished":"2023-04-24T10:02:43+00:00","dateModified":"2025-10-20T11:21:15+00:00","breadcrumb":{"@id":"https:\/\/www.karimagyartas.hu\/en\/services\/#breadcrumb"},"inLanguage":"en-US","potentialAction":[{"@type":"ReadAction","target":["https:\/\/www.karimagyartas.hu\/en\/services\/"]}]},{"@type":"BreadcrumbList","@id":"https:\/\/www.karimagyartas.hu\/en\/services\/#breadcrumb","itemListElement":[{"@type":"ListItem","position":1,"name":"Home","item":"https:\/\/www.karimagyartas.hu\/"},{"@type":"ListItem","position":2,"name":"Services"}]},{"@type":"WebSite","@id":"https:\/\/www.karimagyartas.hu\/en\/#website","url":"https:\/\/www.karimagyartas.hu\/en\/","name":"SGN-STEEL Kft.","description":"","publisher":{"@id":"https:\/\/www.karimagyartas.hu\/en\/#organization"},"potentialAction":[{"@type":"SearchAction","target":{"@type":"EntryPoint","urlTemplate":"https:\/\/www.karimagyartas.hu\/en\/?s={search_term_string}"},"query-input":{"@type":"PropertyValueSpecification","valueRequired":true,"valueName":"search_term_string"}}],"inLanguage":"en-US"},{"@type":"Organization","@id":"https:\/\/www.karimagyartas.hu\/en\/#organization","name":"SGN-STEEL Kft.","url":"https:\/\/www.karimagyartas.hu\/en\/","logo":{"@type":"ImageObject","inLanguage":"en-US","@id":"https:\/\/www.karimagyartas.hu\/en\/#\/schema\/logo\/image\/","url":"https:\/\/www.karimagyartas.hu\/wp-content\/uploads\/2023\/04\/SGN-logo_uj.png","contentUrl":"https:\/\/www.karimagyartas.hu\/wp-content\/uploads\/2023\/04\/SGN-logo_uj.png","width":2520,"height":600,"caption":"SGN-STEEL Kft."},"image":{"@id":"https:\/\/www.karimagyartas.hu\/en\/#\/schema\/logo\/image\/"}}]}},"_links":{"self":[{"href":"https:\/\/www.karimagyartas.hu\/en\/wp-json\/wp\/v2\/pages\/47","targetHints":{"allow":["GET"]}}],"collection":[{"href":"https:\/\/www.karimagyartas.hu\/en\/wp-json\/wp\/v2\/pages"}],"about":[{"href":"https:\/\/www.karimagyartas.hu\/en\/wp-json\/wp\/v2\/types\/page"}],"author":[{"embeddable":true,"href":"https:\/\/www.karimagyartas.hu\/en\/wp-json\/wp\/v2\/users\/2"}],"replies":[{"embeddable":true,"href":"https:\/\/www.karimagyartas.hu\/en\/wp-json\/wp\/v2\/comments?post=47"}],"version-history":[{"count":136,"href":"https:\/\/www.karimagyartas.hu\/en\/wp-json\/wp\/v2\/pages\/47\/revisions"}],"predecessor-version":[{"id":2274,"href":"https:\/\/www.karimagyartas.hu\/en\/wp-json\/wp\/v2\/pages\/47\/revisions\/2274"}],"wp:attachment":[{"href":"https:\/\/www.karimagyartas.hu\/en\/wp-json\/wp\/v2\/media?parent=47"}],"curies":[{"name":"wp","href":"https:\/\/api.w.org\/{rel}","templated":true}]}}