{"id":2161,"date":"2025-06-25T13:27:22","date_gmt":"2025-06-25T12:27:22","guid":{"rendered":"https:\/\/www.karimagyartas.hu\/?page_id=2161"},"modified":"2025-06-25T13:47:37","modified_gmt":"2025-06-25T12:47:37","slug":"eszkozbeszerzes-az-sgn-steel-kft-nel-2021","status":"publish","type":"page","link":"https:\/\/www.karimagyartas.hu\/en\/tenders\/eszkozbeszerzes-az-sgn-steel-kft-nel-2021\/","title":{"rendered":"Eszk\u00f6zbeszerz\u00e9s az SGN-STEEL Kft.-n\u00e9l (2021)"},"content":{"rendered":"\t\t<div data-elementor-type=\"wp-page\" data-elementor-id=\"2161\" class=\"elementor elementor-2161\" data-elementor-post-type=\"page\">\n\t\t\t\t<div class=\"elementor-element elementor-element-27b6a72 e-flex e-con-boxed e-con e-parent\" data-id=\"27b6a72\" data-element_type=\"container\">\n\t\t\t\t\t<div class=\"e-con-inner\">\n\t\t\t\t<div class=\"elementor-element elementor-element-ae32da7 elementor-widget elementor-widget-text-editor\" data-id=\"ae32da7\" data-element_type=\"widget\" data-widget_type=\"text-editor.default\">\n\t\t\t\t\t\t\t\t\t<p><img fetchpriority=\"high\" decoding=\"async\" class=\" wp-image-557 alignleft\" src=\"http:\/\/www.karimagyartas.hu\/wp-content\/uploads\/2023\/05\/pm_kkveszkoz_logok-144x300.webp\" alt=\"\" width=\"202\" height=\"421\" srcset=\"https:\/\/www.karimagyartas.hu\/wp-content\/uploads\/2023\/05\/pm_kkveszkoz_logok-144x300.webp 144w, https:\/\/www.karimagyartas.hu\/wp-content\/uploads\/2023\/05\/pm_kkveszkoz_logok.webp 344w\" sizes=\"(max-width: 202px) 100vw, 202px\" \/>Az eszk\u00f6zbeszerz\u00e9s f\u0151 c\u00e9lja a gy\u00e1rt\u00e1si rendszer kapacit\u00e1s\u00e1nak \u00e9s hat\u00e9konys\u00e1g\u00e1nak n\u00f6vel\u00e9se, illetve a k\u00f6nnyebb munkav\u00e9gz\u00e9s<br \/>\u00e9s az eg\u00e9szs\u00e9gesebb munkak\u00f6rnyezetet biztos\u00edt\u00e1sa a dolgoz\u00f3knak.<\/p><p><span style=\"text-decoration: underline;\">Beszerz\u00e9sre ker\u00fcl\u0151 eszk\u00f6z\u00f6k:<\/span><\/p><ul><li style=\"list-style-type: none;\"><ul><li style=\"list-style-type: none;\"><ul><li style=\"list-style-type: none;\"><ul><li style=\"list-style-type: none;\"><ul><li style=\"list-style-type: none;\"><ul><li>Hyundai KF-5600 \u2013 CNC megmunk\u00e1l\u00f3 k\u00f6zpont<\/li><li>Hyundai L300C CNC esztergak\u00f6zpont<\/li><li>MESSER-STATINA 2000 \u2013 4 v\u00e1g\u00f3fejes CNC termikus v\u00e1g\u00f3rendszer<\/li><li>Oszlopos forg\u00f3daruk 3 db<\/li><li>LOSMA Darwin leveg\u0151sz\u0171r\u0151 rendszer<\/li><li>KEMPER leveg\u0151sz\u0171r\u0151 rendszer\u00a0<\/li><\/ul><\/li><\/ul><\/li><\/ul><\/li><\/ul><\/li><\/ul><\/li><\/ul><p><br \/>A T\u00c1MOGAT\u00c1S \u00d6SSZEGE: <strong>57 631 503 Ft<br \/><br \/><\/strong><\/p><p>A projekt t\u00e1mogat\u00f3ja:\u00a0 \u00a0 \u00a0 \u00a0 \u00a0 \u00a0 \u00a0 \u00a0 \u00a0 \u00a0P\u00e9nz\u00fcgyminiszt\u00e9rium \u00a0<\/p><p>A t\u00e1mogat\u00e1s forr\u00e1sa:\u00a0 \u00a0 \u00a0 \u00a0 \u00a0 \u00a0 \u00a0 \u00a0 \u00a0 \u00a0 \u00a0Pest megye Ter\u00fcletfejleszt\u00e9si Koncepci\u00f3ja 2014-2030 \u00e9s a Pest megye Ter\u00fcletfejleszt\u00e9si Programja 2014-2020 megval\u00f3s\u00edt\u00e1s\u00e1hoz ny\u00fajtand\u00f3 c\u00e9lzott p\u00e9nz\u00fcgyi t\u00e1mogat\u00e1s.<\/p><p>A megval\u00f3s\u00edt\u00e1s helye: \u00a0\u00a0\u00a0\u00a0\u00a0\u00a0\u00a0\u00a0\u00a0\u00a0\u00a0\u00a0\u00a0\u00a0\u00a0\u00a0\u00a0\u00a0 Az SGN-STEEL Kft. telephelye, 2740 Abony, Cegl\u00e9di \u00fat 61.<\/p><p>A projekt kezd\u00e9si id\u0151pontja:\u00a0 \u00a0 \u00a0 \u00a0 \u00a02020. november 15.<\/p><p>A projekt befejez\u00e9se:\u00a0 \u00a0 \u00a0 \u00a0 \u00a0 \u00a0 \u00a0 \u00a0 \u00a0 \u00a0 2022. m\u00e1jus 15.<\/p><p>\u00a0<\/p><p>\u00a0<\/p>\t\t\t\t\t\t\t\t<\/div>\n\t\t\t\t\t<\/div>\n\t\t\t\t<\/div>\n\t\t\t\t<\/div>\n\t\t","protected":false},"excerpt":{"rendered":"<p>Az eszk\u00f6zbeszerz\u00e9s f\u0151 c\u00e9lja a gy\u00e1rt\u00e1si rendszer kapacit\u00e1s\u00e1nak \u00e9s hat\u00e9konys\u00e1g\u00e1nak n\u00f6vel\u00e9se, illetve a k\u00f6nnyebb munkav\u00e9gz\u00e9s\u00e9s az eg\u00e9szs\u00e9gesebb munkak\u00f6rnyezetet biztos\u00edt\u00e1sa a dolgoz\u00f3knak. Beszerz\u00e9sre ker\u00fcl\u0151 eszk\u00f6z\u00f6k: Hyundai KF-5600 \u2013 CNC megmunk\u00e1l\u00f3 k\u00f6zpont Hyundai L300C CNC esztergak\u00f6zpont MESSER-STATINA 2000 \u2013 4 v\u00e1g\u00f3fejes CNC termikus v\u00e1g\u00f3rendszer Oszlopos forg\u00f3daruk 3 db LOSMA Darwin leveg\u0151sz\u0171r\u0151 rendszer KEMPER leveg\u0151sz\u0171r\u0151 rendszer\u00a0 A T\u00c1MOGAT\u00c1S [&hellip;]<\/p>\n","protected":false},"author":3,"featured_media":0,"parent":1359,"menu_order":0,"comment_status":"closed","ping_status":"closed","template":"","meta":{"footnotes":""},"class_list":["post-2161","page","type-page","status-publish","hentry"],"yoast_head":"<!-- This site is optimized with the Yoast SEO plugin v26.1.1 - https:\/\/yoast.com\/wordpress\/plugins\/seo\/ -->\n<title>Eszk\u00f6zbeszerz\u00e9s az SGN-STEEL Kft.-n\u00e9l (2021)<\/title>\n<meta name=\"description\" content=\"Az eszk\u00f6zbeszerz\u00e9s f\u0151 c\u00e9lja a gy\u00e1rt\u00e1si rendszer kapacit\u00e1s\u00e1nak \u00e9s hat\u00e9konys\u00e1g\u00e1nak n\u00f6vel\u00e9se, illetve a k\u00f6nnyebb munkav\u00e9gz\u00e9s\u00e9s az eg\u00e9szs\u00e9gesebb munkak\u00f6rnyezetet biztos\u00edt\u00e1sa a dolgoz\u00f3knak.Beszerz\u00e9sre ker\u00fcl\u0151 eszk\u00f6z\u00f6k:Hyundai KF-5600 \u2013 CNC megmunk\u00e1l\u00f3 k\u00f6zpontHyundai L300C CNC esztergak\u00f6zpontMESSER-STATINA 2000 \u2013 4 v\u00e1g\u00f3fejes CNC termikus v\u00e1g\u00f3rendszerOszlopos forg\u00f3daruk 3 dbLOSMA Darwin leveg\u0151sz\u0171r\u0151 rendszerKEMPER leveg\u0151sz\u0171r\u0151 rendszer\u00a0A T\u00c1MOGAT\u00c1S \u00d6SSZEGE: 57 631 503 FtA projekt t\u00e1mogat\u00f3ja:\u00a0 \u00a0&hellip;\" \/>\n<meta name=\"robots\" content=\"index, follow, max-snippet:-1, max-image-preview:large, max-video-preview:-1\" \/>\n<link rel=\"canonical\" href=\"\" \/>\n<meta property=\"og:locale\" content=\"en_US\" \/>\n<meta property=\"og:type\" content=\"article\" \/>\n<meta property=\"og:title\" content=\"Eszk\u00f6zbeszerz\u00e9s az SGN-STEEL Kft.-n\u00e9l (2021)\" \/>\n<meta property=\"og:description\" content=\"Az eszk\u00f6zbeszerz\u00e9s f\u0151 c\u00e9lja a gy\u00e1rt\u00e1si rendszer kapacit\u00e1s\u00e1nak \u00e9s hat\u00e9konys\u00e1g\u00e1nak n\u00f6vel\u00e9se, illetve a k\u00f6nnyebb munkav\u00e9gz\u00e9s\u00e9s az eg\u00e9szs\u00e9gesebb munkak\u00f6rnyezetet biztos\u00edt\u00e1sa a dolgoz\u00f3knak.Beszerz\u00e9sre ker\u00fcl\u0151 eszk\u00f6z\u00f6k:Hyundai KF-5600 \u2013 CNC megmunk\u00e1l\u00f3 k\u00f6zpontHyundai L300C CNC esztergak\u00f6zpontMESSER-STATINA 2000 \u2013 4 v\u00e1g\u00f3fejes CNC termikus v\u00e1g\u00f3rendszerOszlopos forg\u00f3daruk 3 dbLOSMA Darwin leveg\u0151sz\u0171r\u0151 rendszerKEMPER leveg\u0151sz\u0171r\u0151 rendszer\u00a0A T\u00c1MOGAT\u00c1S \u00d6SSZEGE: 57 631 503 FtA projekt t\u00e1mogat\u00f3ja:\u00a0 \u00a0&hellip;\" \/>\n<meta property=\"og:url\" content=\"https:\/\/www.karimagyartas.hu\/en\/tenders\/eszkozbeszerzes-az-sgn-steel-kft-nel-2021\/\" \/>\n<meta property=\"og:site_name\" content=\"SGN-STEEL Kft.\" \/>\n<meta property=\"article:modified_time\" content=\"2025-06-25T12:47:37+00:00\" \/>\n<meta property=\"og:image\" content=\"https:\/\/www.karimagyartas.hu\/wp-content\/uploads\/2023\/05\/pm_kkveszkoz_logok.webp\" \/>\n\t<meta property=\"og:image:width\" content=\"344\" \/>\n\t<meta property=\"og:image:height\" content=\"716\" \/>\n\t<meta property=\"og:image:type\" content=\"image\/webp\" \/>\n<meta name=\"twitter:card\" content=\"summary_large_image\" \/>\n<meta name=\"twitter:label1\" content=\"Est. reading time\" \/>\n\t<meta name=\"twitter:data1\" content=\"1 minute\" \/>\n<script type=\"application\/ld+json\" class=\"yoast-schema-graph\">{\"@context\":\"https:\/\/schema.org\",\"@graph\":[{\"@type\":\"WebPage\",\"@id\":\"https:\/\/www.karimagyartas.hu\/en\/tenders\/eszkozbeszerzes-az-sgn-steel-kft-nel-2021\/\",\"url\":\"https:\/\/www.karimagyartas.hu\/en\/tenders\/eszkozbeszerzes-az-sgn-steel-kft-nel-2021\/\",\"name\":\"Eszk\u00f6zbeszerz\u00e9s az SGN-STEEL Kft.-n\u00e9l (2021) - SGN-STEEL Kft.\",\"isPartOf\":{\"@id\":\"https:\/\/www.karimagyartas.hu\/#website\"},\"primaryImageOfPage\":{\"@id\":\"https:\/\/www.karimagyartas.hu\/en\/tenders\/eszkozbeszerzes-az-sgn-steel-kft-nel-2021\/#primaryimage\"},\"image\":{\"@id\":\"https:\/\/www.karimagyartas.hu\/en\/tenders\/eszkozbeszerzes-az-sgn-steel-kft-nel-2021\/#primaryimage\"},\"thumbnailUrl\":\"http:\/\/www.karimagyartas.hu\/wp-content\/uploads\/2023\/05\/pm_kkveszkoz_logok-144x300.webp\",\"datePublished\":\"2025-06-25T12:27:22+00:00\",\"dateModified\":\"2025-06-25T12:47:37+00:00\",\"breadcrumb\":{\"@id\":\"https:\/\/www.karimagyartas.hu\/en\/tenders\/eszkozbeszerzes-az-sgn-steel-kft-nel-2021\/#breadcrumb\"},\"inLanguage\":\"en-US\",\"potentialAction\":[{\"@type\":\"ReadAction\",\"target\":[\"https:\/\/www.karimagyartas.hu\/en\/tenders\/eszkozbeszerzes-az-sgn-steel-kft-nel-2021\/\"]}]},{\"@type\":\"ImageObject\",\"inLanguage\":\"en-US\",\"@id\":\"https:\/\/www.karimagyartas.hu\/en\/tenders\/eszkozbeszerzes-az-sgn-steel-kft-nel-2021\/#primaryimage\",\"url\":\"http:\/\/www.karimagyartas.hu\/wp-content\/uploads\/2023\/05\/pm_kkveszkoz_logok-144x300.webp\",\"contentUrl\":\"http:\/\/www.karimagyartas.hu\/wp-content\/uploads\/2023\/05\/pm_kkveszkoz_logok-144x300.webp\"},{\"@type\":\"BreadcrumbList\",\"@id\":\"https:\/\/www.karimagyartas.hu\/en\/tenders\/eszkozbeszerzes-az-sgn-steel-kft-nel-2021\/#breadcrumb\",\"itemListElement\":[{\"@type\":\"ListItem\",\"position\":1,\"name\":\"Home\",\"item\":\"https:\/\/www.karimagyartas.hu\/\"},{\"@type\":\"ListItem\",\"position\":2,\"name\":\"Tenders\",\"item\":\"https:\/\/www.karimagyartas.hu\/palyazatok\/\"},{\"@type\":\"ListItem\",\"position\":3,\"name\":\"Eszk\u00f6zbeszerz\u00e9s az SGN-STEEL Kft.-n\u00e9l (2021)\"}]},{\"@type\":\"WebSite\",\"@id\":\"https:\/\/www.karimagyartas.hu\/en\/#website\",\"url\":\"https:\/\/www.karimagyartas.hu\/en\/\",\"name\":\"SGN-STEEL Kft.\",\"description\":\"\",\"publisher\":{\"@id\":\"https:\/\/www.karimagyartas.hu\/en\/#organization\"},\"potentialAction\":[{\"@type\":\"SearchAction\",\"target\":{\"@type\":\"EntryPoint\",\"urlTemplate\":\"https:\/\/www.karimagyartas.hu\/en\/?s={search_term_string}\"},\"query-input\":{\"@type\":\"PropertyValueSpecification\",\"valueRequired\":true,\"valueName\":\"search_term_string\"}}],\"inLanguage\":\"en-US\"},{\"@type\":\"Organization\",\"@id\":\"https:\/\/www.karimagyartas.hu\/en\/#organization\",\"name\":\"SGN-STEEL Kft.\",\"url\":\"https:\/\/www.karimagyartas.hu\/en\/\",\"logo\":{\"@type\":\"ImageObject\",\"inLanguage\":\"en-US\",\"@id\":\"https:\/\/www.karimagyartas.hu\/en\/#\/schema\/logo\/image\/\",\"url\":\"https:\/\/www.karimagyartas.hu\/wp-content\/uploads\/2023\/04\/SGN-logo_uj.png\",\"contentUrl\":\"https:\/\/www.karimagyartas.hu\/wp-content\/uploads\/2023\/04\/SGN-logo_uj.png\",\"width\":2520,\"height\":600,\"caption\":\"SGN-STEEL Kft.\"},\"image\":{\"@id\":\"https:\/\/www.karimagyartas.hu\/en\/#\/schema\/logo\/image\/\"}}]}<\/script>\n<!-- \/ Yoast SEO plugin. -->","yoast_head_json":{"title":"Eszk\u00f6zbeszerz\u00e9s az SGN-STEEL Kft.-n\u00e9l (2021)","description":"Az eszk\u00f6zbeszerz\u00e9s f\u0151 c\u00e9lja a gy\u00e1rt\u00e1si rendszer kapacit\u00e1s\u00e1nak \u00e9s hat\u00e9konys\u00e1g\u00e1nak n\u00f6vel\u00e9se, illetve a k\u00f6nnyebb munkav\u00e9gz\u00e9s\u00e9s az eg\u00e9szs\u00e9gesebb munkak\u00f6rnyezetet biztos\u00edt\u00e1sa a dolgoz\u00f3knak.Beszerz\u00e9sre ker\u00fcl\u0151 eszk\u00f6z\u00f6k:Hyundai KF-5600 \u2013 CNC megmunk\u00e1l\u00f3 k\u00f6zpontHyundai L300C CNC esztergak\u00f6zpontMESSER-STATINA 2000 \u2013 4 v\u00e1g\u00f3fejes CNC termikus v\u00e1g\u00f3rendszerOszlopos forg\u00f3daruk 3 dbLOSMA Darwin leveg\u0151sz\u0171r\u0151 rendszerKEMPER leveg\u0151sz\u0171r\u0151 rendszer\u00a0A T\u00c1MOGAT\u00c1S \u00d6SSZEGE: 57 631 503 FtA projekt t\u00e1mogat\u00f3ja:\u00a0 \u00a0&hellip;","robots":{"index":"index","follow":"follow","max-snippet":"max-snippet:-1","max-image-preview":"max-image-preview:large","max-video-preview":"max-video-preview:-1"},"canonical":"Az eszk\u00f6zbeszerz\u00e9s f\u0151 c\u00e9lja a gy\u00e1rt\u00e1si rendszer kapacit\u00e1s\u00e1nak \u00e9s hat\u00e9konys\u00e1g\u00e1nak n\u00f6vel\u00e9se, illetve a k\u00f6nnyebb munkav\u00e9gz\u00e9s\u00e9s az eg\u00e9szs\u00e9gesebb munkak\u00f6rnyezetet biztos\u00edt\u00e1sa a dolgoz\u00f3knak.Beszerz\u00e9sre ker\u00fcl\u0151 eszk\u00f6z\u00f6k:Hyundai KF-5600 \u2013 CNC megmunk\u00e1l\u00f3 k\u00f6zpontHyundai L300C CNC esztergak\u00f6zpontMESSER-STATINA 2000 \u2013 4 v\u00e1g\u00f3fejes CNC termikus v\u00e1g\u00f3rendszerOszlopos forg\u00f3daruk 3 dbLOSMA Darwin leveg\u0151sz\u0171r\u0151 rendszerKEMPER leveg\u0151sz\u0171r\u0151 rendszer\u00a0A T\u00c1MOGAT\u00c1S \u00d6SSZEGE: 57 631 503 FtA projekt t\u00e1mogat\u00f3ja:\u00a0 \u00a0&hellip;","og_locale":"en_US","og_type":"article","og_title":"Eszk\u00f6zbeszerz\u00e9s az SGN-STEEL Kft.-n\u00e9l (2021)","og_description":"Az eszk\u00f6zbeszerz\u00e9s f\u0151 c\u00e9lja a gy\u00e1rt\u00e1si rendszer kapacit\u00e1s\u00e1nak \u00e9s hat\u00e9konys\u00e1g\u00e1nak n\u00f6vel\u00e9se, illetve a k\u00f6nnyebb munkav\u00e9gz\u00e9s\u00e9s az eg\u00e9szs\u00e9gesebb munkak\u00f6rnyezetet biztos\u00edt\u00e1sa a dolgoz\u00f3knak.Beszerz\u00e9sre ker\u00fcl\u0151 eszk\u00f6z\u00f6k:Hyundai KF-5600 \u2013 CNC megmunk\u00e1l\u00f3 k\u00f6zpontHyundai L300C CNC esztergak\u00f6zpontMESSER-STATINA 2000 \u2013 4 v\u00e1g\u00f3fejes CNC termikus v\u00e1g\u00f3rendszerOszlopos forg\u00f3daruk 3 dbLOSMA Darwin leveg\u0151sz\u0171r\u0151 rendszerKEMPER leveg\u0151sz\u0171r\u0151 rendszer\u00a0A T\u00c1MOGAT\u00c1S \u00d6SSZEGE: 57 631 503 FtA projekt t\u00e1mogat\u00f3ja:\u00a0 \u00a0&hellip;","og_url":"https:\/\/www.karimagyartas.hu\/en\/tenders\/eszkozbeszerzes-az-sgn-steel-kft-nel-2021\/","og_site_name":"SGN-STEEL Kft.","article_modified_time":"2025-06-25T12:47:37+00:00","og_image":[{"width":344,"height":716,"url":"https:\/\/www.karimagyartas.hu\/wp-content\/uploads\/2023\/05\/pm_kkveszkoz_logok.webp","type":"image\/webp"}],"twitter_card":"summary_large_image","twitter_misc":{"Est. reading time":"1 minute"},"schema":{"@context":"https:\/\/schema.org","@graph":[{"@type":"WebPage","@id":"https:\/\/www.karimagyartas.hu\/en\/tenders\/eszkozbeszerzes-az-sgn-steel-kft-nel-2021\/","url":"https:\/\/www.karimagyartas.hu\/en\/tenders\/eszkozbeszerzes-az-sgn-steel-kft-nel-2021\/","name":"Eszk\u00f6zbeszerz\u00e9s az SGN-STEEL Kft.-n\u00e9l (2021) - SGN-STEEL Kft.","isPartOf":{"@id":"https:\/\/www.karimagyartas.hu\/#website"},"primaryImageOfPage":{"@id":"https:\/\/www.karimagyartas.hu\/en\/tenders\/eszkozbeszerzes-az-sgn-steel-kft-nel-2021\/#primaryimage"},"image":{"@id":"https:\/\/www.karimagyartas.hu\/en\/tenders\/eszkozbeszerzes-az-sgn-steel-kft-nel-2021\/#primaryimage"},"thumbnailUrl":"http:\/\/www.karimagyartas.hu\/wp-content\/uploads\/2023\/05\/pm_kkveszkoz_logok-144x300.webp","datePublished":"2025-06-25T12:27:22+00:00","dateModified":"2025-06-25T12:47:37+00:00","breadcrumb":{"@id":"https:\/\/www.karimagyartas.hu\/en\/tenders\/eszkozbeszerzes-az-sgn-steel-kft-nel-2021\/#breadcrumb"},"inLanguage":"en-US","potentialAction":[{"@type":"ReadAction","target":["https:\/\/www.karimagyartas.hu\/en\/tenders\/eszkozbeszerzes-az-sgn-steel-kft-nel-2021\/"]}]},{"@type":"ImageObject","inLanguage":"en-US","@id":"https:\/\/www.karimagyartas.hu\/en\/tenders\/eszkozbeszerzes-az-sgn-steel-kft-nel-2021\/#primaryimage","url":"http:\/\/www.karimagyartas.hu\/wp-content\/uploads\/2023\/05\/pm_kkveszkoz_logok-144x300.webp","contentUrl":"http:\/\/www.karimagyartas.hu\/wp-content\/uploads\/2023\/05\/pm_kkveszkoz_logok-144x300.webp"},{"@type":"BreadcrumbList","@id":"https:\/\/www.karimagyartas.hu\/en\/tenders\/eszkozbeszerzes-az-sgn-steel-kft-nel-2021\/#breadcrumb","itemListElement":[{"@type":"ListItem","position":1,"name":"Home","item":"https:\/\/www.karimagyartas.hu\/"},{"@type":"ListItem","position":2,"name":"Tenders","item":"https:\/\/www.karimagyartas.hu\/palyazatok\/"},{"@type":"ListItem","position":3,"name":"Eszk\u00f6zbeszerz\u00e9s az SGN-STEEL Kft.-n\u00e9l (2021)"}]},{"@type":"WebSite","@id":"https:\/\/www.karimagyartas.hu\/en\/#website","url":"https:\/\/www.karimagyartas.hu\/en\/","name":"SGN-STEEL Kft.","description":"","publisher":{"@id":"https:\/\/www.karimagyartas.hu\/en\/#organization"},"potentialAction":[{"@type":"SearchAction","target":{"@type":"EntryPoint","urlTemplate":"https:\/\/www.karimagyartas.hu\/en\/?s={search_term_string}"},"query-input":{"@type":"PropertyValueSpecification","valueRequired":true,"valueName":"search_term_string"}}],"inLanguage":"en-US"},{"@type":"Organization","@id":"https:\/\/www.karimagyartas.hu\/en\/#organization","name":"SGN-STEEL Kft.","url":"https:\/\/www.karimagyartas.hu\/en\/","logo":{"@type":"ImageObject","inLanguage":"en-US","@id":"https:\/\/www.karimagyartas.hu\/en\/#\/schema\/logo\/image\/","url":"https:\/\/www.karimagyartas.hu\/wp-content\/uploads\/2023\/04\/SGN-logo_uj.png","contentUrl":"https:\/\/www.karimagyartas.hu\/wp-content\/uploads\/2023\/04\/SGN-logo_uj.png","width":2520,"height":600,"caption":"SGN-STEEL Kft."},"image":{"@id":"https:\/\/www.karimagyartas.hu\/en\/#\/schema\/logo\/image\/"}}]}},"_links":{"self":[{"href":"https:\/\/www.karimagyartas.hu\/en\/wp-json\/wp\/v2\/pages\/2161","targetHints":{"allow":["GET"]}}],"collection":[{"href":"https:\/\/www.karimagyartas.hu\/en\/wp-json\/wp\/v2\/pages"}],"about":[{"href":"https:\/\/www.karimagyartas.hu\/en\/wp-json\/wp\/v2\/types\/page"}],"author":[{"embeddable":true,"href":"https:\/\/www.karimagyartas.hu\/en\/wp-json\/wp\/v2\/users\/3"}],"replies":[{"embeddable":true,"href":"https:\/\/www.karimagyartas.hu\/en\/wp-json\/wp\/v2\/comments?post=2161"}],"version-history":[{"count":22,"href":"https:\/\/www.karimagyartas.hu\/en\/wp-json\/wp\/v2\/pages\/2161\/revisions"}],"predecessor-version":[{"id":2186,"href":"https:\/\/www.karimagyartas.hu\/en\/wp-json\/wp\/v2\/pages\/2161\/revisions\/2186"}],"up":[{"embeddable":true,"href":"https:\/\/www.karimagyartas.hu\/en\/wp-json\/wp\/v2\/pages\/1359"}],"wp:attachment":[{"href":"https:\/\/www.karimagyartas.hu\/en\/wp-json\/wp\/v2\/media?parent=2161"}],"curies":[{"name":"wp","href":"https:\/\/api.w.org\/{rel}","templated":true}]}}