{"id":1368,"date":"2024-03-04T16:43:44","date_gmt":"2024-03-04T15:43:44","guid":{"rendered":"https:\/\/www.karimagyartas.hu\/?page_id=1368"},"modified":"2025-10-20T12:24:36","modified_gmt":"2025-10-20T11:24:36","slug":"tanusitvanyaink","status":"publish","type":"page","link":"https:\/\/www.karimagyartas.hu\/en\/certificates\/","title":{"rendered":"Certificates"},"content":{"rendered":"\t\t<div data-elementor-type=\"wp-page\" data-elementor-id=\"1368\" class=\"elementor elementor-1368\" data-elementor-post-type=\"page\">\n\t\t\t\t<div class=\"elementor-element elementor-element-15abf23d e-flex e-con-boxed e-con e-parent\" data-id=\"15abf23d\" data-element_type=\"container\" data-settings=\"{&quot;background_background&quot;:&quot;gradient&quot;}\">\n\t\t\t\t\t<div class=\"e-con-inner\">\n\t\t\t\t<div class=\"elementor-element elementor-element-2267e8fa elementor-widget elementor-widget-heading\" data-id=\"2267e8fa\" data-element_type=\"widget\" data-widget_type=\"heading.default\">\n\t\t\t\t\t<h2 class=\"elementor-heading-title elementor-size-default\">Zertifikate<\/h2>\t\t\t\t<\/div>\n\t\t\t\t\t<\/div>\n\t\t\t\t<\/div>\n\t\t<div class=\"elementor-element elementor-element-7d819faa e-flex e-con-boxed e-con e-parent\" data-id=\"7d819faa\" data-element_type=\"container\">\n\t\t\t\t\t<div class=\"e-con-inner\">\n\t\t<div class=\"elementor-element elementor-element-4618b643 e-con-full e-flex e-con e-child\" data-id=\"4618b643\" data-element_type=\"container\" data-settings=\"{&quot;background_background&quot;:&quot;classic&quot;}\">\n\t\t\t\t<div class=\"elementor-element elementor-element-514c738 elementor-widget__width-initial elementor-widget elementor-widget-image\" data-id=\"514c738\" data-element_type=\"widget\" data-widget_type=\"image.default\">\n\t\t\t\t\t\t\t\t\t\t\t\t\t\t\t\t<a href=\"http:\/\/www.karimagyartas.hu\/wp-content\/uploads\/2025\/06\/SGN_ISO_2025_DE-scaled.jpg\" data-elementor-open-lightbox=\"yes\" data-elementor-lightbox-title=\"SGN_ISO_2025_DE\" data-e-action-hash=\"#elementor-action%3Aaction%3Dlightbox%26settings%3DeyJpZCI6MjA3OSwidXJsIjoiaHR0cHM6XC9cL3d3dy5rYXJpbWFneWFydGFzLmh1XC93cC1jb250ZW50XC91cGxvYWRzXC8yMDI1XC8wNlwvU0dOX0lTT18yMDI1X0RFLXNjYWxlZC5qcGcifQ%3D%3D\">\n\t\t\t\t\t\t\t<img fetchpriority=\"high\" decoding=\"async\" width=\"724\" height=\"1024\" src=\"https:\/\/www.karimagyartas.hu\/wp-content\/uploads\/2025\/06\/SGN_ISO_2025_DE-724x1024.jpg\" class=\"attachment-large size-large wp-image-2079\" alt=\"\" srcset=\"https:\/\/www.karimagyartas.hu\/wp-content\/uploads\/2025\/06\/SGN_ISO_2025_DE-724x1024.jpg 724w, https:\/\/www.karimagyartas.hu\/wp-content\/uploads\/2025\/06\/SGN_ISO_2025_DE-212x300.jpg 212w, https:\/\/www.karimagyartas.hu\/wp-content\/uploads\/2025\/06\/SGN_ISO_2025_DE-768x1086.jpg 768w, https:\/\/www.karimagyartas.hu\/wp-content\/uploads\/2025\/06\/SGN_ISO_2025_DE-1086x1536.jpg 1086w, https:\/\/www.karimagyartas.hu\/wp-content\/uploads\/2025\/06\/SGN_ISO_2025_DE-1448x2048.jpg 1448w, https:\/\/www.karimagyartas.hu\/wp-content\/uploads\/2025\/06\/SGN_ISO_2025_DE-scaled.jpg 1810w\" sizes=\"(max-width: 724px) 100vw, 724px\" \/>\t\t\t\t\t\t\t\t<\/a>\n\t\t\t\t\t\t\t\t\t\t\t\t\t\t\t<\/div>\n\t\t\t\t<div class=\"elementor-element elementor-element-30fe985 elementor-widget__width-initial elementor-widget elementor-widget-image\" data-id=\"30fe985\" data-element_type=\"widget\" data-widget_type=\"image.default\">\n\t\t\t\t\t\t\t\t\t\t\t\t\t\t\t\t<a href=\"https:\/\/www.karimagyartas.hu\/wp-content\/uploads\/2024\/03\/TUV_THURINGEN_DE.jpg\" data-elementor-open-lightbox=\"yes\" data-elementor-lightbox-title=\"TUV_THURINGEN_DE\" data-e-action-hash=\"#elementor-action%3Aaction%3Dlightbox%26settings%3DeyJpZCI6MTM3NCwidXJsIjoiaHR0cHM6XC9cL3d3dy5rYXJpbWFneWFydGFzLmh1XC93cC1jb250ZW50XC91cGxvYWRzXC8yMDI0XC8wM1wvVFVWX1RIVVJJTkdFTl9ERS5qcGcifQ%3D%3D\">\n\t\t\t\t\t\t\t<img decoding=\"async\" width=\"726\" height=\"1024\" src=\"https:\/\/www.karimagyartas.hu\/wp-content\/uploads\/2024\/03\/TUV_THURINGEN_DE-726x1024.jpg\" class=\"attachment-large size-large wp-image-1374\" alt=\"\" srcset=\"https:\/\/www.karimagyartas.hu\/wp-content\/uploads\/2024\/03\/TUV_THURINGEN_DE-726x1024.jpg 726w, https:\/\/www.karimagyartas.hu\/wp-content\/uploads\/2024\/03\/TUV_THURINGEN_DE-213x300.jpg 213w, https:\/\/www.karimagyartas.hu\/wp-content\/uploads\/2024\/03\/TUV_THURINGEN_DE-768x1084.jpg 768w, https:\/\/www.karimagyartas.hu\/wp-content\/uploads\/2024\/03\/TUV_THURINGEN_DE.jpg 914w\" sizes=\"(max-width: 726px) 100vw, 726px\" \/>\t\t\t\t\t\t\t\t<\/a>\n\t\t\t\t\t\t\t\t\t\t\t\t\t\t\t<\/div>\n\t\t\t\t<div class=\"elementor-element elementor-element-8b8a931 elementor-widget__width-initial elementor-widget elementor-widget-image\" data-id=\"8b8a931\" data-element_type=\"widget\" data-widget_type=\"image.default\">\n\t\t\t\t\t\t\t\t\t\t\t\t\t\t\t\t<a href=\"http:\/\/www.karimagyartas.hu\/wp-content\/uploads\/2023\/05\/MSARC0000BSJ-A1137093_SGN_DNV-scaled.webp\" data-elementor-open-lightbox=\"yes\" data-elementor-lightbox-title=\"MSARC0000BSJ-A1137093_SGN_DNV\" data-e-action-hash=\"#elementor-action%3Aaction%3Dlightbox%26settings%3DeyJpZCI6NDgwLCJ1cmwiOiJodHRwczpcL1wvd3d3LmthcmltYWd5YXJ0YXMuaHVcL3dwLWNvbnRlbnRcL3VwbG9hZHNcLzIwMjNcLzA1XC9NU0FSQzAwMDBCU0otQTExMzcwOTNfU0dOX0ROVi1zY2FsZWQud2VicCJ9\">\n\t\t\t\t\t\t\t<img decoding=\"async\" width=\"724\" height=\"1024\" src=\"https:\/\/www.karimagyartas.hu\/wp-content\/uploads\/2023\/05\/MSARC0000BSJ-A1137093_SGN_DNV-724x1024.webp\" class=\"attachment-large size-large wp-image-480\" alt=\"\" srcset=\"https:\/\/www.karimagyartas.hu\/wp-content\/uploads\/2023\/05\/MSARC0000BSJ-A1137093_SGN_DNV-724x1024.webp 724w, https:\/\/www.karimagyartas.hu\/wp-content\/uploads\/2023\/05\/MSARC0000BSJ-A1137093_SGN_DNV-212x300.webp 212w, https:\/\/www.karimagyartas.hu\/wp-content\/uploads\/2023\/05\/MSARC0000BSJ-A1137093_SGN_DNV-768x1086.webp 768w, https:\/\/www.karimagyartas.hu\/wp-content\/uploads\/2023\/05\/MSARC0000BSJ-A1137093_SGN_DNV-1086x1536.webp 1086w, https:\/\/www.karimagyartas.hu\/wp-content\/uploads\/2023\/05\/MSARC0000BSJ-A1137093_SGN_DNV-1448x2048.webp 1448w, https:\/\/www.karimagyartas.hu\/wp-content\/uploads\/2023\/05\/MSARC0000BSJ-A1137093_SGN_DNV-scaled.webp 1811w\" sizes=\"(max-width: 724px) 100vw, 724px\" \/>\t\t\t\t\t\t\t\t<\/a>\n\t\t\t\t\t\t\t\t\t\t\t\t\t\t\t<\/div>\n\t\t\t\t<div class=\"elementor-element elementor-element-1b072cb7 elementor-widget__width-initial elementor-widget elementor-widget-image\" data-id=\"1b072cb7\" data-element_type=\"widget\" data-widget_type=\"image.default\">\n\t\t\t\t\t\t\t\t\t\t\t\t\t\t\t\t<a href=\"http:\/\/www.karimagyartas.hu\/wp-content\/uploads\/2025\/08\/DNB_2025_EN.jpg\" data-elementor-open-lightbox=\"yes\" data-elementor-lightbox-title=\"DNB_2025_EN\" data-e-action-hash=\"#elementor-action%3Aaction%3Dlightbox%26settings%3DeyJpZCI6MjE5NywidXJsIjoiaHR0cHM6XC9cL3d3dy5rYXJpbWFneWFydGFzLmh1XC93cC1jb250ZW50XC91cGxvYWRzXC8yMDI1XC8wOFwvRE5CXzIwMjVfRU4uanBnIn0%3D\">\n\t\t\t\t\t\t\t<img loading=\"lazy\" decoding=\"async\" width=\"724\" height=\"1024\" src=\"https:\/\/www.karimagyartas.hu\/wp-content\/uploads\/2025\/08\/DNB_2025_EN-724x1024.jpg\" class=\"attachment-large size-large wp-image-2197\" alt=\"\" srcset=\"https:\/\/www.karimagyartas.hu\/wp-content\/uploads\/2025\/08\/DNB_2025_EN-724x1024.jpg 724w, https:\/\/www.karimagyartas.hu\/wp-content\/uploads\/2025\/08\/DNB_2025_EN-212x300.jpg 212w, https:\/\/www.karimagyartas.hu\/wp-content\/uploads\/2025\/08\/DNB_2025_EN-768x1086.jpg 768w, https:\/\/www.karimagyartas.hu\/wp-content\/uploads\/2025\/08\/DNB_2025_EN.jpg 794w\" sizes=\"(max-width: 724px) 100vw, 724px\" \/>\t\t\t\t\t\t\t\t<\/a>\n\t\t\t\t\t\t\t\t\t\t\t\t\t\t\t<\/div>\n\t\t\t\t<\/div>\n\t\t\t\t\t<\/div>\n\t\t\t\t<\/div>\n\t\t\t\t<\/div>\n\t\t","protected":false},"excerpt":{"rendered":"<p>Tan\u00fas\u00edtv\u00e1nyaink<\/p>\n","protected":false},"author":2,"featured_media":0,"parent":0,"menu_order":0,"comment_status":"closed","ping_status":"closed","template":"","meta":{"footnotes":""},"class_list":["post-1368","page","type-page","status-publish","hentry"],"yoast_head":"<!-- This site is optimized with the Yoast SEO plugin v26.1.1 - https:\/\/yoast.com\/wordpress\/plugins\/seo\/ -->\n<title>Certificates<\/title>\n<meta name=\"robots\" content=\"index, follow, max-snippet:-1, max-image-preview:large, max-video-preview:-1\" \/>\n<meta property=\"og:locale\" content=\"en_US\" \/>\n<meta property=\"og:type\" content=\"article\" \/>\n<meta property=\"og:title\" content=\"Certificates\" \/>\n<meta property=\"og:url\" content=\"https:\/\/www.karimagyartas.hu\/en\/certificates\/\" \/>\n<meta property=\"og:site_name\" content=\"SGN-STEEL Kft.\" \/>\n<meta property=\"article:modified_time\" content=\"2025-10-20T11:24:36+00:00\" \/>\n<meta property=\"og:image\" content=\"http:\/\/www.karimagyartas.hu\/wp-content\/uploads\/2025\/06\/SGN_ISO_2025_HU-724x1024.jpg\" \/>\n<meta name=\"twitter:card\" content=\"summary_large_image\" \/>\n<meta name=\"twitter:label1\" content=\"Est. reading time\" \/>\n\t<meta name=\"twitter:data1\" content=\"1 minute\" \/>\n<script type=\"application\/ld+json\" class=\"yoast-schema-graph\">{\"@context\":\"https:\/\/schema.org\",\"@graph\":[{\"@type\":\"WebPage\",\"@id\":\"https:\/\/www.karimagyartas.hu\/en\/certificates\/\",\"url\":\"https:\/\/www.karimagyartas.hu\/en\/certificates\/\",\"name\":\"Tan\u00fas\u00edtv\u00e1nyaink - SGN-STEEL Kft.\",\"isPartOf\":{\"@id\":\"https:\/\/www.karimagyartas.hu\/#website\"},\"primaryImageOfPage\":{\"@id\":\"https:\/\/www.karimagyartas.hu\/en\/certificates\/#primaryimage\"},\"image\":{\"@id\":\"https:\/\/www.karimagyartas.hu\/en\/certificates\/#primaryimage\"},\"thumbnailUrl\":\"http:\/\/www.karimagyartas.hu\/wp-content\/uploads\/2025\/06\/SGN_ISO_2025_HU-724x1024.jpg\",\"datePublished\":\"2024-03-04T15:43:44+00:00\",\"dateModified\":\"2025-10-20T11:24:36+00:00\",\"breadcrumb\":{\"@id\":\"https:\/\/www.karimagyartas.hu\/en\/certificates\/#breadcrumb\"},\"inLanguage\":\"en-US\",\"potentialAction\":[{\"@type\":\"ReadAction\",\"target\":[\"https:\/\/www.karimagyartas.hu\/en\/certificates\/\"]}]},{\"@type\":\"ImageObject\",\"inLanguage\":\"en-US\",\"@id\":\"https:\/\/www.karimagyartas.hu\/en\/certificates\/#primaryimage\",\"url\":\"http:\/\/www.karimagyartas.hu\/wp-content\/uploads\/2025\/06\/SGN_ISO_2025_HU-724x1024.jpg\",\"contentUrl\":\"http:\/\/www.karimagyartas.hu\/wp-content\/uploads\/2025\/06\/SGN_ISO_2025_HU-724x1024.jpg\"},{\"@type\":\"BreadcrumbList\",\"@id\":\"https:\/\/www.karimagyartas.hu\/en\/certificates\/#breadcrumb\",\"itemListElement\":[{\"@type\":\"ListItem\",\"position\":1,\"name\":\"Home\",\"item\":\"https:\/\/www.karimagyartas.hu\/\"},{\"@type\":\"ListItem\",\"position\":2,\"name\":\"Certificates\"}]},{\"@type\":\"WebSite\",\"@id\":\"https:\/\/www.karimagyartas.hu\/en\/#website\",\"url\":\"https:\/\/www.karimagyartas.hu\/en\/\",\"name\":\"SGN-STEEL Kft.\",\"description\":\"\",\"publisher\":{\"@id\":\"https:\/\/www.karimagyartas.hu\/en\/#organization\"},\"potentialAction\":[{\"@type\":\"SearchAction\",\"target\":{\"@type\":\"EntryPoint\",\"urlTemplate\":\"https:\/\/www.karimagyartas.hu\/en\/?s={search_term_string}\"},\"query-input\":{\"@type\":\"PropertyValueSpecification\",\"valueRequired\":true,\"valueName\":\"search_term_string\"}}],\"inLanguage\":\"en-US\"},{\"@type\":\"Organization\",\"@id\":\"https:\/\/www.karimagyartas.hu\/en\/#organization\",\"name\":\"SGN-STEEL Kft.\",\"url\":\"https:\/\/www.karimagyartas.hu\/en\/\",\"logo\":{\"@type\":\"ImageObject\",\"inLanguage\":\"en-US\",\"@id\":\"https:\/\/www.karimagyartas.hu\/en\/#\/schema\/logo\/image\/\",\"url\":\"https:\/\/www.karimagyartas.hu\/wp-content\/uploads\/2023\/04\/SGN-logo_uj.png\",\"contentUrl\":\"https:\/\/www.karimagyartas.hu\/wp-content\/uploads\/2023\/04\/SGN-logo_uj.png\",\"width\":2520,\"height\":600,\"caption\":\"SGN-STEEL Kft.\"},\"image\":{\"@id\":\"https:\/\/www.karimagyartas.hu\/en\/#\/schema\/logo\/image\/\"}}]}<\/script>\n<!-- \/ Yoast SEO plugin. -->","yoast_head_json":{"title":"Certificates","robots":{"index":"index","follow":"follow","max-snippet":"max-snippet:-1","max-image-preview":"max-image-preview:large","max-video-preview":"max-video-preview:-1"},"og_locale":"en_US","og_type":"article","og_title":"Certificates","og_url":"https:\/\/www.karimagyartas.hu\/en\/certificates\/","og_site_name":"SGN-STEEL Kft.","article_modified_time":"2025-10-20T11:24:36+00:00","og_image":[{"url":"http:\/\/www.karimagyartas.hu\/wp-content\/uploads\/2025\/06\/SGN_ISO_2025_HU-724x1024.jpg","type":"","width":"","height":""}],"twitter_card":"summary_large_image","twitter_misc":{"Est. reading time":"1 minute"},"schema":{"@context":"https:\/\/schema.org","@graph":[{"@type":"WebPage","@id":"https:\/\/www.karimagyartas.hu\/en\/certificates\/","url":"https:\/\/www.karimagyartas.hu\/en\/certificates\/","name":"Tan\u00fas\u00edtv\u00e1nyaink - SGN-STEEL Kft.","isPartOf":{"@id":"https:\/\/www.karimagyartas.hu\/#website"},"primaryImageOfPage":{"@id":"https:\/\/www.karimagyartas.hu\/en\/certificates\/#primaryimage"},"image":{"@id":"https:\/\/www.karimagyartas.hu\/en\/certificates\/#primaryimage"},"thumbnailUrl":"http:\/\/www.karimagyartas.hu\/wp-content\/uploads\/2025\/06\/SGN_ISO_2025_HU-724x1024.jpg","datePublished":"2024-03-04T15:43:44+00:00","dateModified":"2025-10-20T11:24:36+00:00","breadcrumb":{"@id":"https:\/\/www.karimagyartas.hu\/en\/certificates\/#breadcrumb"},"inLanguage":"en-US","potentialAction":[{"@type":"ReadAction","target":["https:\/\/www.karimagyartas.hu\/en\/certificates\/"]}]},{"@type":"ImageObject","inLanguage":"en-US","@id":"https:\/\/www.karimagyartas.hu\/en\/certificates\/#primaryimage","url":"http:\/\/www.karimagyartas.hu\/wp-content\/uploads\/2025\/06\/SGN_ISO_2025_HU-724x1024.jpg","contentUrl":"http:\/\/www.karimagyartas.hu\/wp-content\/uploads\/2025\/06\/SGN_ISO_2025_HU-724x1024.jpg"},{"@type":"BreadcrumbList","@id":"https:\/\/www.karimagyartas.hu\/en\/certificates\/#breadcrumb","itemListElement":[{"@type":"ListItem","position":1,"name":"Home","item":"https:\/\/www.karimagyartas.hu\/"},{"@type":"ListItem","position":2,"name":"Certificates"}]},{"@type":"WebSite","@id":"https:\/\/www.karimagyartas.hu\/en\/#website","url":"https:\/\/www.karimagyartas.hu\/en\/","name":"SGN-STEEL Kft.","description":"","publisher":{"@id":"https:\/\/www.karimagyartas.hu\/en\/#organization"},"potentialAction":[{"@type":"SearchAction","target":{"@type":"EntryPoint","urlTemplate":"https:\/\/www.karimagyartas.hu\/en\/?s={search_term_string}"},"query-input":{"@type":"PropertyValueSpecification","valueRequired":true,"valueName":"search_term_string"}}],"inLanguage":"en-US"},{"@type":"Organization","@id":"https:\/\/www.karimagyartas.hu\/en\/#organization","name":"SGN-STEEL Kft.","url":"https:\/\/www.karimagyartas.hu\/en\/","logo":{"@type":"ImageObject","inLanguage":"en-US","@id":"https:\/\/www.karimagyartas.hu\/en\/#\/schema\/logo\/image\/","url":"https:\/\/www.karimagyartas.hu\/wp-content\/uploads\/2023\/04\/SGN-logo_uj.png","contentUrl":"https:\/\/www.karimagyartas.hu\/wp-content\/uploads\/2023\/04\/SGN-logo_uj.png","width":2520,"height":600,"caption":"SGN-STEEL Kft."},"image":{"@id":"https:\/\/www.karimagyartas.hu\/en\/#\/schema\/logo\/image\/"}}]}},"_links":{"self":[{"href":"https:\/\/www.karimagyartas.hu\/en\/wp-json\/wp\/v2\/pages\/1368","targetHints":{"allow":["GET"]}}],"collection":[{"href":"https:\/\/www.karimagyartas.hu\/en\/wp-json\/wp\/v2\/pages"}],"about":[{"href":"https:\/\/www.karimagyartas.hu\/en\/wp-json\/wp\/v2\/types\/page"}],"author":[{"embeddable":true,"href":"https:\/\/www.karimagyartas.hu\/en\/wp-json\/wp\/v2\/users\/2"}],"replies":[{"embeddable":true,"href":"https:\/\/www.karimagyartas.hu\/en\/wp-json\/wp\/v2\/comments?post=1368"}],"version-history":[{"count":91,"href":"https:\/\/www.karimagyartas.hu\/en\/wp-json\/wp\/v2\/pages\/1368\/revisions"}],"predecessor-version":[{"id":2283,"href":"https:\/\/www.karimagyartas.hu\/en\/wp-json\/wp\/v2\/pages\/1368\/revisions\/2283"}],"wp:attachment":[{"href":"https:\/\/www.karimagyartas.hu\/en\/wp-json\/wp\/v2\/media?parent=1368"}],"curies":[{"name":"wp","href":"https:\/\/api.w.org\/{rel}","templated":true}]}}