{"id":47,"date":"2023-04-24T10:02:43","date_gmt":"2023-04-24T10:02:43","guid":{"rendered":"http:\/\/3.69.234.179\/?page_id=47"},"modified":"2025-10-20T12:21:15","modified_gmt":"2025-10-20T11:21:15","slug":"szolgaltatasok","status":"publish","type":"page","link":"https:\/\/www.karimagyartas.hu\/de\/services\/","title":{"rendered":"Services"},"content":{"rendered":"\t\t<div data-elementor-type=\"wp-page\" data-elementor-id=\"47\" class=\"elementor elementor-47\" data-elementor-post-type=\"page\">\n\t\t\t\t<div class=\"elementor-element elementor-element-774bd70 e-flex e-con-boxed e-con e-parent\" data-id=\"774bd70\" data-element_type=\"container\" data-settings=\"{&quot;background_background&quot;:&quot;gradient&quot;}\">\n\t\t\t\t\t<div class=\"e-con-inner\">\n\t\t\t\t<div class=\"elementor-element elementor-element-14de37e7 elementor-widget elementor-widget-heading\" data-id=\"14de37e7\" data-element_type=\"widget\" data-widget_type=\"heading.default\">\n\t\t\t\t\t<h2 class=\"elementor-heading-title elementor-size-default\">Dienstleistungen<\/h2>\t\t\t\t<\/div>\n\t\t\t\t\t<\/div>\n\t\t\t\t<\/div>\n\t\t<div class=\"elementor-element elementor-element-14c723e e-flex e-con-boxed e-con e-parent\" data-id=\"14c723e\" data-element_type=\"container\" data-settings=\"{&quot;background_background&quot;:&quot;classic&quot;}\">\n\t\t\t\t\t<div class=\"e-con-inner\">\n\t\t<div class=\"elementor-element elementor-element-79e1778 e-con-full e-flex e-con e-child\" data-id=\"79e1778\" data-element_type=\"container\">\n\t\t\t\t<div class=\"elementor-element elementor-element-5515a0f elementor-widget elementor-widget-heading\" data-id=\"5515a0f\" data-element_type=\"widget\" data-widget_type=\"heading.default\">\n\t\t\t\t\t<h3 class=\"elementor-heading-title elementor-size-default\">CNC-Brenn- und Plasmaschneiden<\/h3>\t\t\t\t<\/div>\n\t\t\t\t<div class=\"elementor-element elementor-element-fef8095 elementor-widget elementor-widget-text-editor\" data-id=\"fef8095\" data-element_type=\"widget\" data-widget_type=\"text-editor.default\">\n\t\t\t\t\t\t\t\t\t<p>Mit 2 CNC-gesteuerten Maschinen mit 2 oder 4 Schneidk\u00f6pfen sind wir in unserem Unternehmen in der Lage, Brennschneiden bis 200x2000x6000mm durchzuf\u00fchren, au\u00dferdem Plasmaschneiden bis 40x2000x6000mm mit der Plasmaanlage Hypertherm 260xD.<\/p>\t\t\t\t\t\t\t\t<\/div>\n\t\t\t\t<\/div>\n\t\t<div class=\"elementor-element elementor-element-3f4d5d8 e-con-full e-flex e-con e-child\" data-id=\"3f4d5d8\" data-element_type=\"container\">\n\t\t\t\t<div class=\"elementor-element elementor-element-e7cbc03 elementor-widget elementor-widget-heading\" data-id=\"e7cbc03\" data-element_type=\"widget\" data-widget_type=\"heading.default\">\n\t\t\t\t\t<h3 class=\"elementor-heading-title elementor-size-default\">Herstellung schwerer Maschinenkomponenten<\/h3>\t\t\t\t<\/div>\n\t\t\t\t<div class=\"elementor-element elementor-element-6a0df9b elementor-widget elementor-widget-text-editor\" data-id=\"6a0df9b\" data-element_type=\"widget\" data-widget_type=\"text-editor.default\">\n\t\t\t\t\t\t\t\t\t<p>Wir \u00fcbernehmen das Schneiden und Zerspanung von Rohren mit unterschiedlichen Wandst\u00e4rken. Die Konstruktion und Herstellung von Buchsen, Lagergeh\u00e4usen, Naben und Scheiben.<\/p>\t\t\t\t\t\t\t\t<\/div>\n\t\t\t\t<\/div>\n\t\t<div class=\"elementor-element elementor-element-ecae3fc e-con-full e-flex e-con e-child\" data-id=\"ecae3fc\" data-element_type=\"container\">\n\t\t\t\t<div class=\"elementor-element elementor-element-14de4dd elementor-widget elementor-widget-heading\" data-id=\"14de4dd\" data-element_type=\"widget\" data-widget_type=\"heading.default\">\n\t\t\t\t\t<h3 class=\"elementor-heading-title elementor-size-default\">Profilwalzen<\/h3>\t\t\t\t<\/div>\n\t\t\t\t<div class=\"elementor-element elementor-element-e779e00 elementor-widget elementor-widget-text-editor\" data-id=\"e779e00\" data-element_type=\"widget\" data-widget_type=\"text-editor.default\">\n\t\t\t\t\t\t\t\t\t<p>Mit unserer Walzmaschine Faccin RCMI-170 k\u00f6nnen wir je nach Materialqualit\u00e4t unterschiedliche Baustahlprofile walzen.<\/p>\t\t\t\t\t\t\t\t<\/div>\n\t\t\t\t<\/div>\n\t\t<div class=\"elementor-element elementor-element-4276369 e-con-full e-flex e-con e-child\" data-id=\"4276369\" data-element_type=\"container\">\n\t\t\t\t<div class=\"elementor-element elementor-element-5f25b58 elementor-widget elementor-widget-heading\" data-id=\"5f25b58\" data-element_type=\"widget\" data-widget_type=\"heading.default\">\n\t\t\t\t\t<h3 class=\"elementor-heading-title elementor-size-default\">Kornstrahlen<\/h3>\t\t\t\t<\/div>\n\t\t\t\t<div class=\"elementor-element elementor-element-9a01248 elementor-widget elementor-widget-text-editor\" data-id=\"9a01248\" data-element_type=\"widget\" data-widget_type=\"text-editor.default\">\n\t\t\t\t\t\t\t\t\t<p>Der Teil der Auftr\u00e4ge, bei dem der Kunde eine Kornstrahlenfl\u00e4che f\u00fcr die bestellten Produkte w\u00fcnscht, wird in unseren eigenen Kabinen ausgef\u00fchrt. Die nutzbare Streufl\u00e4che der mit einem Kran ausgestatteten motorisierten Y-Schienen-Automatikkabine mit 2 x 1 Tonnen betr\u00e4gt 1500 x 2000 mm. Im manuellen Spr\u00fchbeh\u00e4lter k\u00f6nnen wir Fl\u00e4chen bis zu 2000x6000x1500mm reinigen.<\/p>\t\t\t\t\t\t\t\t<\/div>\n\t\t\t\t<\/div>\n\t\t<div class=\"elementor-element elementor-element-5341e8f e-con-full e-flex e-con e-child\" data-id=\"5341e8f\" data-element_type=\"container\">\n\t\t\t\t<div class=\"elementor-element elementor-element-c36634f elementor-widget elementor-widget-heading\" data-id=\"c36634f\" data-element_type=\"widget\" data-widget_type=\"heading.default\">\n\t\t\t\t\t<h3 class=\"elementor-heading-title elementor-size-default\">Herstellung und Handel von Rohrflanschen<\/h3>\t\t\t\t<\/div>\n\t\t\t\t<div class=\"elementor-element elementor-element-80c41be elementor-widget elementor-widget-text-editor\" data-id=\"80c41be\" data-element_type=\"widget\" data-widget_type=\"text-editor.default\">\n\t\t\t\t\t\t\t\t\t<p>Unser Unternehmen besch\u00e4ftigt sich seit mehr als 20 Jahren mit der Herstellung und dem Handel von Standard- und Sonderrohrflanschen. Unser Produktsortiment umfasst Flansche nach der Norm EN1092-1, der \u00e4lteren ungarischen MSZ, der deutschen DIN, sowie Flansche, die nach den Normen anderer Nationen (ANSI, JIS usw.) hergestellt werden. .). Dar\u00fcber hinaus \u00fcbernehmen wir auch kurzfristig die Fertigung von Flanschen, Ringen und Rohrb\u00f6den mit individuellen Parametern. Bitte \u00fcberpr\u00fcfen Sie UNSERE PRODUKTE.<\/p>\t\t\t\t\t\t\t\t<\/div>\n\t\t\t\t<\/div>\n\t\t\t\t\t<\/div>\n\t\t\t\t<\/div>\n\t\t\t\t<\/div>\n\t\t","protected":false},"excerpt":{"rendered":"<p>Szolg\u00e1ltat\u00e1sok CNC L\u00e1ng- \u00e9s plazmav\u00e1g\u00e1s A c\u00e9g\u00fcnkn\u00e9l 2 db CNC vez\u00e9relt, 2 illetve 4 v\u00e1g\u00f3fejes plazma- \u00e9s l\u00e1ngv\u00e1g\u00f3 g\u00e9p dolgozik. L\u00e1ngv\u00e1g\u00e1s: 200x2000x6000mm m\u00e9retigPlazmav\u00e1g\u00e1s: 40x2000x6000mm m\u00e9retigAnyagmin\u0151s\u00e9g f\u00fcggv\u00e9ny\u00e9ben v\u00e1ltozhat. Neh\u00e9zg\u00e9pelem-alkatr\u00e9sz gy\u00e1rt\u00e1s V\u00e1llaljuk k\u00fcl\u00f6nb\u00f6z\u0151 falvastags\u00e1g\u00fa cs\u00f6vek m\u00e9retre v\u00e1g\u00e1s\u00e1t, forg\u00e1csol\u00e1s\u00e1t. Csap\u00e1gyh\u00e1zak, perselyek, agyak, t\u00e1rcs\u00e1k kialak\u00edt\u00e1s\u00e1t, gy\u00e1rt\u00e1s\u00e1t. Profilhenger\u00edt\u00e9s A Faccin RCMI-170 henger\u00edt\u0151g\u00e9p\u00fcnkkel k\u00fcl\u00f6nb\u00f6z\u0151 szerkezeti ac\u00e9lprofilok henger\u00edt\u00e9s\u00e9t tudjuk v\u00e1llalni anyagmin\u0151s\u00e9gt\u0151l f\u00fcgg\u0151en. [&hellip;]<\/p>\n","protected":false},"author":2,"featured_media":0,"parent":0,"menu_order":0,"comment_status":"closed","ping_status":"closed","template":"","meta":{"footnotes":""},"class_list":["post-47","page","type-page","status-publish","hentry"],"yoast_head":"<!-- This site is optimized with the Yoast SEO plugin v26.1.1 - https:\/\/yoast.com\/wordpress\/plugins\/seo\/ -->\n<title>Services<\/title>\n<meta name=\"robots\" content=\"index, follow, max-snippet:-1, max-image-preview:large, max-video-preview:-1\" \/>\n<meta property=\"og:locale\" content=\"de_DE\" \/>\n<meta property=\"og:type\" content=\"article\" \/>\n<meta property=\"og:title\" content=\"Services\" \/>\n<meta property=\"og:url\" content=\"https:\/\/www.karimagyartas.hu\/de\/services\/\" \/>\n<meta property=\"og:site_name\" content=\"SGN-STEEL Kft.\" \/>\n<meta property=\"article:modified_time\" content=\"2025-10-20T11:21:15+00:00\" \/>\n<meta name=\"twitter:card\" content=\"summary_large_image\" \/>\n<meta name=\"twitter:label1\" content=\"Gesch\u00e4tzte Lesezeit\" \/>\n\t<meta name=\"twitter:data1\" content=\"1\u00a0Minute\" \/>\n<script type=\"application\/ld+json\" class=\"yoast-schema-graph\">{\"@context\":\"https:\/\/schema.org\",\"@graph\":[{\"@type\":\"WebPage\",\"@id\":\"https:\/\/www.karimagyartas.hu\/de\/services\/\",\"url\":\"https:\/\/www.karimagyartas.hu\/de\/services\/\",\"name\":\"Szolg\u00e1ltat\u00e1sok - SGN-STEEL Kft.\",\"isPartOf\":{\"@id\":\"https:\/\/www.karimagyartas.hu\/#website\"},\"datePublished\":\"2023-04-24T10:02:43+00:00\",\"dateModified\":\"2025-10-20T11:21:15+00:00\",\"breadcrumb\":{\"@id\":\"https:\/\/www.karimagyartas.hu\/de\/services\/#breadcrumb\"},\"inLanguage\":\"de\",\"potentialAction\":[{\"@type\":\"ReadAction\",\"target\":[\"https:\/\/www.karimagyartas.hu\/de\/services\/\"]}]},{\"@type\":\"BreadcrumbList\",\"@id\":\"https:\/\/www.karimagyartas.hu\/de\/services\/#breadcrumb\",\"itemListElement\":[{\"@type\":\"ListItem\",\"position\":1,\"name\":\"Home\",\"item\":\"https:\/\/www.karimagyartas.hu\/\"},{\"@type\":\"ListItem\",\"position\":2,\"name\":\"Services\"}]},{\"@type\":\"WebSite\",\"@id\":\"https:\/\/www.karimagyartas.hu\/de\/#website\",\"url\":\"https:\/\/www.karimagyartas.hu\/de\/\",\"name\":\"SGN-STEEL Kft.\",\"description\":\"\",\"publisher\":{\"@id\":\"https:\/\/www.karimagyartas.hu\/de\/#organization\"},\"potentialAction\":[{\"@type\":\"SearchAction\",\"target\":{\"@type\":\"EntryPoint\",\"urlTemplate\":\"https:\/\/www.karimagyartas.hu\/de\/?s={search_term_string}\"},\"query-input\":{\"@type\":\"PropertyValueSpecification\",\"valueRequired\":true,\"valueName\":\"search_term_string\"}}],\"inLanguage\":\"de\"},{\"@type\":\"Organization\",\"@id\":\"https:\/\/www.karimagyartas.hu\/de\/#organization\",\"name\":\"SGN-STEEL Kft.\",\"url\":\"https:\/\/www.karimagyartas.hu\/de\/\",\"logo\":{\"@type\":\"ImageObject\",\"inLanguage\":\"de\",\"@id\":\"https:\/\/www.karimagyartas.hu\/de\/#\/schema\/logo\/image\/\",\"url\":\"https:\/\/www.karimagyartas.hu\/wp-content\/uploads\/2023\/04\/SGN-logo_uj.png\",\"contentUrl\":\"https:\/\/www.karimagyartas.hu\/wp-content\/uploads\/2023\/04\/SGN-logo_uj.png\",\"width\":2520,\"height\":600,\"caption\":\"SGN-STEEL Kft.\"},\"image\":{\"@id\":\"https:\/\/www.karimagyartas.hu\/de\/#\/schema\/logo\/image\/\"}}]}<\/script>\n<!-- \/ Yoast SEO plugin. -->","yoast_head_json":{"title":"Services","robots":{"index":"index","follow":"follow","max-snippet":"max-snippet:-1","max-image-preview":"max-image-preview:large","max-video-preview":"max-video-preview:-1"},"og_locale":"de_DE","og_type":"article","og_title":"Services","og_url":"https:\/\/www.karimagyartas.hu\/de\/services\/","og_site_name":"SGN-STEEL Kft.","article_modified_time":"2025-10-20T11:21:15+00:00","twitter_card":"summary_large_image","twitter_misc":{"Gesch\u00e4tzte Lesezeit":"1\u00a0Minute"},"schema":{"@context":"https:\/\/schema.org","@graph":[{"@type":"WebPage","@id":"https:\/\/www.karimagyartas.hu\/de\/services\/","url":"https:\/\/www.karimagyartas.hu\/de\/services\/","name":"Szolg\u00e1ltat\u00e1sok - SGN-STEEL Kft.","isPartOf":{"@id":"https:\/\/www.karimagyartas.hu\/#website"},"datePublished":"2023-04-24T10:02:43+00:00","dateModified":"2025-10-20T11:21:15+00:00","breadcrumb":{"@id":"https:\/\/www.karimagyartas.hu\/de\/services\/#breadcrumb"},"inLanguage":"de","potentialAction":[{"@type":"ReadAction","target":["https:\/\/www.karimagyartas.hu\/de\/services\/"]}]},{"@type":"BreadcrumbList","@id":"https:\/\/www.karimagyartas.hu\/de\/services\/#breadcrumb","itemListElement":[{"@type":"ListItem","position":1,"name":"Home","item":"https:\/\/www.karimagyartas.hu\/"},{"@type":"ListItem","position":2,"name":"Services"}]},{"@type":"WebSite","@id":"https:\/\/www.karimagyartas.hu\/de\/#website","url":"https:\/\/www.karimagyartas.hu\/de\/","name":"SGN-STEEL Kft.","description":"","publisher":{"@id":"https:\/\/www.karimagyartas.hu\/de\/#organization"},"potentialAction":[{"@type":"SearchAction","target":{"@type":"EntryPoint","urlTemplate":"https:\/\/www.karimagyartas.hu\/de\/?s={search_term_string}"},"query-input":{"@type":"PropertyValueSpecification","valueRequired":true,"valueName":"search_term_string"}}],"inLanguage":"de"},{"@type":"Organization","@id":"https:\/\/www.karimagyartas.hu\/de\/#organization","name":"SGN-STEEL Kft.","url":"https:\/\/www.karimagyartas.hu\/de\/","logo":{"@type":"ImageObject","inLanguage":"de","@id":"https:\/\/www.karimagyartas.hu\/de\/#\/schema\/logo\/image\/","url":"https:\/\/www.karimagyartas.hu\/wp-content\/uploads\/2023\/04\/SGN-logo_uj.png","contentUrl":"https:\/\/www.karimagyartas.hu\/wp-content\/uploads\/2023\/04\/SGN-logo_uj.png","width":2520,"height":600,"caption":"SGN-STEEL Kft."},"image":{"@id":"https:\/\/www.karimagyartas.hu\/de\/#\/schema\/logo\/image\/"}}]}},"_links":{"self":[{"href":"https:\/\/www.karimagyartas.hu\/de\/wp-json\/wp\/v2\/pages\/47","targetHints":{"allow":["GET"]}}],"collection":[{"href":"https:\/\/www.karimagyartas.hu\/de\/wp-json\/wp\/v2\/pages"}],"about":[{"href":"https:\/\/www.karimagyartas.hu\/de\/wp-json\/wp\/v2\/types\/page"}],"author":[{"embeddable":true,"href":"https:\/\/www.karimagyartas.hu\/de\/wp-json\/wp\/v2\/users\/2"}],"replies":[{"embeddable":true,"href":"https:\/\/www.karimagyartas.hu\/de\/wp-json\/wp\/v2\/comments?post=47"}],"version-history":[{"count":136,"href":"https:\/\/www.karimagyartas.hu\/de\/wp-json\/wp\/v2\/pages\/47\/revisions"}],"predecessor-version":[{"id":2274,"href":"https:\/\/www.karimagyartas.hu\/de\/wp-json\/wp\/v2\/pages\/47\/revisions\/2274"}],"wp:attachment":[{"href":"https:\/\/www.karimagyartas.hu\/de\/wp-json\/wp\/v2\/media?parent=47"}],"curies":[{"name":"wp","href":"https:\/\/api.w.org\/{rel}","templated":true}]}}