{"id":292,"date":"2023-05-02T10:39:44","date_gmt":"2023-05-02T10:39:44","guid":{"rendered":"http:\/\/3.69.234.179\/?page_id=292"},"modified":"2025-10-20T11:54:41","modified_gmt":"2025-10-20T10:54:41","slug":"rolunk","status":"publish","type":"page","link":"https:\/\/www.karimagyartas.hu\/de\/uber-uns\/","title":{"rendered":"\u00dcber uns"},"content":{"rendered":"\t\t<div data-elementor-type=\"wp-page\" data-elementor-id=\"292\" class=\"elementor elementor-292\" data-elementor-post-type=\"page\">\n\t\t\t\t<div class=\"elementor-element elementor-element-15abf23d e-flex e-con-boxed e-con e-parent\" data-id=\"15abf23d\" data-element_type=\"container\" data-settings=\"{&quot;background_background&quot;:&quot;gradient&quot;}\">\n\t\t\t\t\t<div class=\"e-con-inner\">\n\t\t\t\t<div class=\"elementor-element elementor-element-2267e8fa elementor-widget elementor-widget-heading\" data-id=\"2267e8fa\" data-element_type=\"widget\" data-widget_type=\"heading.default\">\n\t\t\t\t\t<h2 class=\"elementor-heading-title elementor-size-default\">R\u00f3lunk<\/h2>\t\t\t\t<\/div>\n\t\t\t\t\t<\/div>\n\t\t\t\t<\/div>\n\t\t<div class=\"elementor-element elementor-element-7bb8f769 e-flex e-con-boxed e-con e-parent\" data-id=\"7bb8f769\" data-element_type=\"container\">\n\t\t\t\t\t<div class=\"e-con-inner\">\n\t\t<div class=\"elementor-element elementor-element-562d9f23 e-flex e-con-boxed e-con e-child\" data-id=\"562d9f23\" data-element_type=\"container\">\n\t\t\t\t\t<div class=\"e-con-inner\">\n\t\t\t\t<div class=\"elementor-element elementor-element-769c8d2a elementor-widget elementor-widget-heading\" data-id=\"769c8d2a\" data-element_type=\"widget\" data-widget_type=\"heading.default\">\n\t\t\t\t\t<h2 class=\"elementor-heading-title elementor-size-default\">\u00dcber uns<\/h2>\t\t\t\t<\/div>\n\t\t\t\t<div class=\"elementor-element elementor-element-12582788 elementor-widget-divider--view-line elementor-widget elementor-widget-divider\" data-id=\"12582788\" data-element_type=\"widget\" data-widget_type=\"divider.default\">\n\t\t\t\t\t\t\t<div class=\"elementor-divider\">\n\t\t\t<span class=\"elementor-divider-separator\">\n\t\t\t\t\t\t<\/span>\n\t\t<\/div>\n\t\t\t\t\t\t<\/div>\n\t\t\t\t<div class=\"elementor-element elementor-element-25363f55 elementor-widget__width-initial elementor-widget elementor-widget-heading\" data-id=\"25363f55\" data-element_type=\"widget\" data-widget_type=\"heading.default\">\n\t\t\t\t\t<h2 class=\"elementor-heading-title elementor-size-default\"><strong>Wir haben mehr als 20 Jahre<\/strong> erfahrung<\/h2>\t\t\t\t<\/div>\n\t\t\t\t<div class=\"elementor-element elementor-element-6a986e elementor-widget elementor-widget-text-editor\" data-id=\"6a986e\" data-element_type=\"widget\" data-widget_type=\"text-editor.default\">\n\t\t\t\t\t\t\t\t\t<p>Lieber Besucher!<\/p>\t\t\t\t\t\t\t\t<\/div>\n\t\t\t\t<div class=\"elementor-element elementor-element-efd3c45 elementor-widget elementor-widget-text-editor\" data-id=\"efd3c45\" data-element_type=\"widget\" data-widget_type=\"text-editor.default\">\n\t\t\t\t\t\t\t\t\t<p>SGN-STEEL Kft. wurde im Jahr 2000 gegr\u00fcndet und besch\u00e4ftigt derzeit fast 80 Mitarbeiter. Der Sitz liegt im Herzen Ungarns, am Standort in Abony, 80 km von Budapest entfernt an der Autobahn M4. Unser Ziel war von Anfang an \u2013 neben der Besch\u00e4ftigung und Schaffung von Arbeitspl\u00e4tzen \u2013 die Herstellung und der Handel von Rohrflanschen f\u00fcr die Energie- und Chemieindustrie. Unsere Markterfahrung hat uns dazu bewogen, neben Standardflanschen auch auf individuelle Gr\u00f6\u00dfen und besondere Materialqualit\u00e4ten zu setzen. Im Laufe der Jahre hat sich zudem gezeigt, dass neben pr\u00e4ziser und qualitativ hochwertiger Arbeit auch der Marktanteil gesteigert werden kann, wenn wir unseren Partnern eine k\u00fcrzere Lieferzeit als \u00fcblich anbieten.<\/p>\t\t\t\t\t\t\t\t<\/div>\n\t\t<div class=\"elementor-element elementor-element-a56ca2d e-con-full e-flex e-con e-child\" data-id=\"a56ca2d\" data-element_type=\"container\">\n\t\t\t\t<div class=\"elementor-element elementor-element-2b4300d elementor-widget__width-initial elementor-widget elementor-widget-text-editor\" data-id=\"2b4300d\" data-element_type=\"widget\" data-widget_type=\"text-editor.default\">\n\t\t\t\t\t\t\t\t\t<p>Kontinuierliche Investitionen und Entwicklung steigerten die Effizienz und Effektivit\u00e4t des Unternehmensbetriebs. Computergesteuerte CNC-Schneide- und Bearbeitungsmaschinen sowie die Einbindung von Bearbeitungsm\u00f6glichkeiten wie CNC-Brenn- und Plasmaschneiden, Profilwalzen und Kugelstrahlen in die Produktion machten SGN-STEEL Kft. der Marktf\u00fchrer in Ungarn. Durch unsere langj\u00e4hrigen Lieferantenbeziehungen kann auch die Oberfl\u00e4chenbehandlung der hergestellten Produkte \u2013 Galvanik- und Feuerverzinkung, Pulverbeschichtung etc. \u2013 entsprechend den Bed\u00fcrfnissen unserer Kunden durchgef\u00fchrt werden. Um unsere Partner schnell und pr\u00e4zise bedienen zu k\u00f6nnen, haben wir unsere Lieferkapazit\u00e4t deutlich erh\u00f6ht und liefern die fertigen Produkte daher mit unserem eigenen LKW an unsere Kunden.<\/p>\t\t\t\t\t\t\t\t<\/div>\n\t\t\t\t<\/div>\n\t\t\t\t<div class=\"elementor-element elementor-element-f7b6d10 elementor-widget elementor-widget-text-editor\" data-id=\"f7b6d10\" data-element_type=\"widget\" data-widget_type=\"text-editor.default\">\n\t\t\t\t\t\t\t\t\t<p>Parallel zu den erfolgreichen Ergebnissen in Ungarn wurde der Einstieg in den europ\u00e4ischen Markt beschlossen. Die erfolgreiche Bew\u00e4ltigung der Herausforderungen des \u00f6sterreichischen, deutschen, slowakischen und tschechischen Marktes f\u00fchrte zu einer weiteren Expansion des Unternehmens. Neben Flanschen unterschiedlicher Normen und Typen umfasst das Portfolio mittlerweile auch die Produktion weiterer Produkte, wie Rohrb\u00f6den, Ger\u00e4teflansche und verschiedene Mannl\u00f6cher, Lagergeh\u00e4use und Buchsen sowie schwere Maschinenkomponenten.<\/p><p>Die kontinuierliche Einhaltung der Anforderungen des \u00c9MI-T\u00dcV S\u00dcD-Siegelzertifikats, der \u00c9MI-T\u00dcV ISO 9001 und ISO 14001, der DNV- und Lloyd&#8217;s-Zertifikate sowie die Einf\u00fchrung eines modernen Unternehmensmanagementsystems garantieren die Konformit\u00e4t der von uns hergestellten Produkte.<\/p><p>Ziel der kommenden Jahre ist es, das Produktionsvolumen f\u00fcr den europ\u00e4ischen Markt zu steigern und dabei Qualit\u00e4t und Genauigkeit beizubehalten. Bitte sehen Sie sich unsere Produkte und Dienstleistungen hier auf unserer Website an.<\/p>\t\t\t\t\t\t\t\t<\/div>\n\t\t\t\t<div class=\"elementor-element elementor-element-7225f2b elementor-widget elementor-widget-text-editor\" data-id=\"7225f2b\" data-element_type=\"widget\" data-widget_type=\"text-editor.default\">\n\t\t\t\t\t\t\t\t\t<p>S\u00e1ndor Gyigor<\/p>\t\t\t\t\t\t\t\t<\/div>\n\t\t\t\t<div class=\"elementor-element elementor-element-99845a7 elementor-widget elementor-widget-text-editor\" data-id=\"99845a7\" data-element_type=\"widget\" data-widget_type=\"text-editor.default\">\n\t\t\t\t\t\t\t\t\t<p>gesch\u00e4ftsf\u00fchrender direktor<\/p>\t\t\t\t\t\t\t\t<\/div>\n\t\t\t\t\t<\/div>\n\t\t\t\t<\/div>\n\t\t\t\t\t<\/div>\n\t\t\t\t<\/div>\n\t\t<div class=\"elementor-element elementor-element-7d819faa e-flex e-con-boxed e-con e-parent\" data-id=\"7d819faa\" data-element_type=\"container\">\n\t\t\t\t\t<div class=\"e-con-inner\">\n\t\t\t\t<div class=\"elementor-element elementor-element-341663af elementor-widget elementor-widget-heading\" data-id=\"341663af\" data-element_type=\"widget\" data-widget_type=\"heading.default\">\n\t\t\t\t\t<h2 class=\"elementor-heading-title elementor-size-default\">Unsere Zertifikate<\/h2>\t\t\t\t<\/div>\n\t\t\t\t<div class=\"elementor-element elementor-element-3cdfb3c9 elementor-widget__width-initial elementor-widget-divider--view-line elementor-widget elementor-widget-divider\" data-id=\"3cdfb3c9\" data-element_type=\"widget\" data-widget_type=\"divider.default\">\n\t\t\t\t\t\t\t<div class=\"elementor-divider\">\n\t\t\t<span class=\"elementor-divider-separator\">\n\t\t\t\t\t\t<\/span>\n\t\t<\/div>\n\t\t\t\t\t\t<\/div>\n\t\t\t\t<div class=\"elementor-element elementor-element-6aab3b86 elementor-widget elementor-widget-heading\" data-id=\"6aab3b86\" data-element_type=\"widget\" data-widget_type=\"heading.default\">\n\t\t\t\t\t<h2 class=\"elementor-heading-title elementor-size-default\"><strong>Qualit\u00e4t steht an erster<\/strong> Stelle!<\/h2>\t\t\t\t<\/div>\n\t\t<div class=\"elementor-element elementor-element-4618b643 e-con-full e-flex e-con e-child\" data-id=\"4618b643\" data-element_type=\"container\" data-settings=\"{&quot;background_background&quot;:&quot;classic&quot;}\">\n\t\t\t\t<div class=\"elementor-element elementor-element-514c738 elementor-widget__width-initial elementor-widget elementor-widget-image\" data-id=\"514c738\" data-element_type=\"widget\" data-widget_type=\"image.default\">\n\t\t\t\t\t\t\t\t\t\t\t\t\t\t\t\t<a href=\"https:\/\/www.karimagyartas.hu\/wp-content\/uploads\/2023\/05\/SKM_C25822061007431.pdf\" target=\"_blank\">\n\t\t\t\t\t\t\t<img fetchpriority=\"high\" decoding=\"async\" width=\"724\" height=\"1024\" src=\"https:\/\/www.karimagyartas.hu\/wp-content\/uploads\/2023\/05\/SKM_C25822061007431-724x1024.webp\" class=\"attachment-large size-large wp-image-482\" alt=\"\" srcset=\"https:\/\/www.karimagyartas.hu\/wp-content\/uploads\/2023\/05\/SKM_C25822061007431-724x1024.webp 724w, https:\/\/www.karimagyartas.hu\/wp-content\/uploads\/2023\/05\/SKM_C25822061007431-212x300.webp 212w, https:\/\/www.karimagyartas.hu\/wp-content\/uploads\/2023\/05\/SKM_C25822061007431-768x1086.webp 768w, https:\/\/www.karimagyartas.hu\/wp-content\/uploads\/2023\/05\/SKM_C25822061007431-1086x1536.webp 1086w, https:\/\/www.karimagyartas.hu\/wp-content\/uploads\/2023\/05\/SKM_C25822061007431-1448x2048.webp 1448w, https:\/\/www.karimagyartas.hu\/wp-content\/uploads\/2023\/05\/SKM_C25822061007431-scaled.webp 1810w\" sizes=\"(max-width: 724px) 100vw, 724px\" \/>\t\t\t\t\t\t\t\t<\/a>\n\t\t\t\t\t\t\t\t\t\t\t\t\t\t\t<\/div>\n\t\t\t\t<div class=\"elementor-element elementor-element-30fe985 elementor-widget__width-initial elementor-widget elementor-widget-image\" data-id=\"30fe985\" data-element_type=\"widget\" data-widget_type=\"image.default\">\n\t\t\t\t\t\t\t\t\t\t\t\t\t\t\t\t<a href=\"https:\/\/www.karimagyartas.hu\/wp-content\/uploads\/2024\/03\/2461977_SGN-Steel_Umstempelzertifikat_0090-154-1430_AD_2000_EN_764-5_hu_T150.pdf\" target=\"_blank\">\n\t\t\t\t\t\t\t<img decoding=\"async\" width=\"726\" height=\"1024\" src=\"https:\/\/www.karimagyartas.hu\/wp-content\/uploads\/2024\/03\/TUV_THURINGEN_HU-726x1024.jpg\" class=\"attachment-large size-large wp-image-1376\" alt=\"\" srcset=\"https:\/\/www.karimagyartas.hu\/wp-content\/uploads\/2024\/03\/TUV_THURINGEN_HU-726x1024.jpg 726w, https:\/\/www.karimagyartas.hu\/wp-content\/uploads\/2024\/03\/TUV_THURINGEN_HU-213x300.jpg 213w, https:\/\/www.karimagyartas.hu\/wp-content\/uploads\/2024\/03\/TUV_THURINGEN_HU-768x1084.jpg 768w, https:\/\/www.karimagyartas.hu\/wp-content\/uploads\/2024\/03\/TUV_THURINGEN_HU.jpg 914w\" sizes=\"(max-width: 726px) 100vw, 726px\" \/>\t\t\t\t\t\t\t\t<\/a>\n\t\t\t\t\t\t\t\t\t\t\t\t\t\t\t<\/div>\n\t\t\t\t<div class=\"elementor-element elementor-element-8b8a931 elementor-widget__width-initial elementor-widget elementor-widget-image\" data-id=\"8b8a931\" data-element_type=\"widget\" data-widget_type=\"image.default\">\n\t\t\t\t\t\t\t\t\t\t\t\t\t\t\t\t<a href=\"https:\/\/www.karimagyartas.hu\/wp-content\/uploads\/2023\/05\/MSARC0000BSJ-A1137093_SGN_DNV.pdf\" target=\"_blank\">\n\t\t\t\t\t\t\t<img decoding=\"async\" width=\"724\" height=\"1024\" src=\"https:\/\/www.karimagyartas.hu\/wp-content\/uploads\/2023\/05\/MSARC0000BSJ-A1137093_SGN_DNV-724x1024.webp\" class=\"attachment-large size-large wp-image-480\" alt=\"\" srcset=\"https:\/\/www.karimagyartas.hu\/wp-content\/uploads\/2023\/05\/MSARC0000BSJ-A1137093_SGN_DNV-724x1024.webp 724w, https:\/\/www.karimagyartas.hu\/wp-content\/uploads\/2023\/05\/MSARC0000BSJ-A1137093_SGN_DNV-212x300.webp 212w, https:\/\/www.karimagyartas.hu\/wp-content\/uploads\/2023\/05\/MSARC0000BSJ-A1137093_SGN_DNV-768x1086.webp 768w, https:\/\/www.karimagyartas.hu\/wp-content\/uploads\/2023\/05\/MSARC0000BSJ-A1137093_SGN_DNV-1086x1536.webp 1086w, https:\/\/www.karimagyartas.hu\/wp-content\/uploads\/2023\/05\/MSARC0000BSJ-A1137093_SGN_DNV-1448x2048.webp 1448w, https:\/\/www.karimagyartas.hu\/wp-content\/uploads\/2023\/05\/MSARC0000BSJ-A1137093_SGN_DNV-scaled.webp 1811w\" sizes=\"(max-width: 724px) 100vw, 724px\" \/>\t\t\t\t\t\t\t\t<\/a>\n\t\t\t\t\t\t\t\t\t\t\t\t\t\t\t<\/div>\n\t\t\t\t<div class=\"elementor-element elementor-element-1b072cb7 elementor-widget__width-initial elementor-widget elementor-widget-image\" data-id=\"1b072cb7\" data-element_type=\"widget\" data-widget_type=\"image.default\">\n\t\t\t\t\t\t\t\t\t\t\t\t\t\t\t\t<a href=\"https:\/\/www.karimagyartas.hu\/wp-content\/uploads\/2023\/10\/2023gold_color-scaled.jpg\" target=\"_blank\">\n\t\t\t\t\t\t\t<img loading=\"lazy\" decoding=\"async\" width=\"724\" height=\"1024\" src=\"https:\/\/www.karimagyartas.hu\/wp-content\/uploads\/2025\/08\/DNB_2025_EN-724x1024.jpg\" class=\"attachment-large size-large wp-image-2197\" alt=\"\" srcset=\"https:\/\/www.karimagyartas.hu\/wp-content\/uploads\/2025\/08\/DNB_2025_EN-724x1024.jpg 724w, https:\/\/www.karimagyartas.hu\/wp-content\/uploads\/2025\/08\/DNB_2025_EN-212x300.jpg 212w, https:\/\/www.karimagyartas.hu\/wp-content\/uploads\/2025\/08\/DNB_2025_EN-768x1086.jpg 768w, https:\/\/www.karimagyartas.hu\/wp-content\/uploads\/2025\/08\/DNB_2025_EN.jpg 794w\" sizes=\"(max-width: 724px) 100vw, 724px\" \/>\t\t\t\t\t\t\t\t<\/a>\n\t\t\t\t\t\t\t\t\t\t\t\t\t\t\t<\/div>\n\t\t\t\t<\/div>\n\t\t\t\t\t<\/div>\n\t\t\t\t<\/div>\n\t\t\t\t<\/div>\n\t\t","protected":false},"excerpt":{"rendered":"<p>R\u00f3lunk Bemutatkoz\u00e1s T\u00f6bb mint 25 \u00e9ves tapasztalattal rendelkez\u00fcnk Tisztelt L\u00e1togat\u00f3! \u00a0 A 2000-ben alap\u00edtott, jelenleg t\u00f6bb, mint 80 f\u0151t foglalkoztat\u00f3 SGN-STEEL Kft. Magyarorsz\u00e1g sz\u00edv\u00e9ben, Budapestt\u0151l az M4 aut\u00f3p\u00e1ly\u00e1n 80 km-re l\u00e9v\u0151 abonyi telephely\u00e9n tal\u00e1lhat\u00f3. M\u00e1r indul\u00e1skor &#8211; az emberek foglalkoztat\u00e1sa \u00e9s a munkahelyteremt\u00e9s mellett &#8211; megfogalmazott c\u00e9lunk volt a cs\u0151karima gy\u00e1rt\u00e1sa \u00e9s kereskedelme az energiaipar [&hellip;]<\/p>\n","protected":false},"author":2,"featured_media":0,"parent":0,"menu_order":0,"comment_status":"closed","ping_status":"closed","template":"","meta":{"footnotes":""},"class_list":["post-292","page","type-page","status-publish","hentry"],"yoast_head":"<!-- This site is optimized with the Yoast SEO plugin v26.1.1 - https:\/\/yoast.com\/wordpress\/plugins\/seo\/ -->\n<title>\u00dcber uns<\/title>\n<meta name=\"robots\" content=\"index, follow, max-snippet:-1, max-image-preview:large, max-video-preview:-1\" \/>\n<meta property=\"og:locale\" content=\"de_DE\" \/>\n<meta property=\"og:type\" content=\"article\" \/>\n<meta property=\"og:title\" content=\"\u00dcber uns\" \/>\n<meta property=\"og:url\" content=\"https:\/\/www.karimagyartas.hu\/de\/uber-uns\/\" \/>\n<meta property=\"og:site_name\" content=\"SGN-STEEL Kft.\" \/>\n<meta property=\"article:modified_time\" content=\"2025-10-20T10:54:41+00:00\" \/>\n<meta property=\"og:image\" content=\"https:\/\/www.karimagyartas.hu\/wp-content\/uploads\/2023\/05\/SKM_C25822061007431-scaled.webp\" \/>\n\t<meta property=\"og:image:width\" content=\"1810\" \/>\n\t<meta property=\"og:image:height\" content=\"2560\" \/>\n\t<meta property=\"og:image:type\" content=\"image\/webp\" \/>\n<meta name=\"twitter:card\" content=\"summary_large_image\" \/>\n<meta name=\"twitter:label1\" content=\"Gesch\u00e4tzte Lesezeit\" \/>\n\t<meta name=\"twitter:data1\" content=\"3\u00a0Minuten\" \/>\n<script type=\"application\/ld+json\" class=\"yoast-schema-graph\">{\"@context\":\"https:\/\/schema.org\",\"@graph\":[{\"@type\":\"WebPage\",\"@id\":\"https:\/\/www.karimagyartas.hu\/de\/uber-uns\/\",\"url\":\"https:\/\/www.karimagyartas.hu\/de\/uber-uns\/\",\"name\":\"R\u00f3lunk - SGN-STEEL Kft.\",\"isPartOf\":{\"@id\":\"https:\/\/www.karimagyartas.hu\/#website\"},\"primaryImageOfPage\":{\"@id\":\"https:\/\/www.karimagyartas.hu\/de\/uber-uns\/#primaryimage\"},\"image\":{\"@id\":\"https:\/\/www.karimagyartas.hu\/de\/uber-uns\/#primaryimage\"},\"thumbnailUrl\":\"http:\/\/www.karimagyartas.hu\/wp-content\/uploads\/2023\/05\/SKM_C25822061007431-724x1024.webp\",\"datePublished\":\"2023-05-02T10:39:44+00:00\",\"dateModified\":\"2025-10-20T10:54:41+00:00\",\"breadcrumb\":{\"@id\":\"https:\/\/www.karimagyartas.hu\/de\/uber-uns\/#breadcrumb\"},\"inLanguage\":\"de\",\"potentialAction\":[{\"@type\":\"ReadAction\",\"target\":[\"https:\/\/www.karimagyartas.hu\/de\/uber-uns\/\"]}]},{\"@type\":\"ImageObject\",\"inLanguage\":\"de\",\"@id\":\"https:\/\/www.karimagyartas.hu\/de\/uber-uns\/#primaryimage\",\"url\":\"http:\/\/www.karimagyartas.hu\/wp-content\/uploads\/2023\/05\/SKM_C25822061007431-724x1024.webp\",\"contentUrl\":\"http:\/\/www.karimagyartas.hu\/wp-content\/uploads\/2023\/05\/SKM_C25822061007431-724x1024.webp\"},{\"@type\":\"BreadcrumbList\",\"@id\":\"https:\/\/www.karimagyartas.hu\/de\/uber-uns\/#breadcrumb\",\"itemListElement\":[{\"@type\":\"ListItem\",\"position\":1,\"name\":\"Home\",\"item\":\"https:\/\/www.karimagyartas.hu\/\"},{\"@type\":\"ListItem\",\"position\":2,\"name\":\"\u00dcber uns\"}]},{\"@type\":\"WebSite\",\"@id\":\"https:\/\/www.karimagyartas.hu\/de\/#website\",\"url\":\"https:\/\/www.karimagyartas.hu\/de\/\",\"name\":\"SGN-STEEL Kft.\",\"description\":\"\",\"publisher\":{\"@id\":\"https:\/\/www.karimagyartas.hu\/de\/#organization\"},\"potentialAction\":[{\"@type\":\"SearchAction\",\"target\":{\"@type\":\"EntryPoint\",\"urlTemplate\":\"https:\/\/www.karimagyartas.hu\/de\/?s={search_term_string}\"},\"query-input\":{\"@type\":\"PropertyValueSpecification\",\"valueRequired\":true,\"valueName\":\"search_term_string\"}}],\"inLanguage\":\"de\"},{\"@type\":\"Organization\",\"@id\":\"https:\/\/www.karimagyartas.hu\/de\/#organization\",\"name\":\"SGN-STEEL Kft.\",\"url\":\"https:\/\/www.karimagyartas.hu\/de\/\",\"logo\":{\"@type\":\"ImageObject\",\"inLanguage\":\"de\",\"@id\":\"https:\/\/www.karimagyartas.hu\/de\/#\/schema\/logo\/image\/\",\"url\":\"https:\/\/www.karimagyartas.hu\/wp-content\/uploads\/2023\/04\/SGN-logo_uj.png\",\"contentUrl\":\"https:\/\/www.karimagyartas.hu\/wp-content\/uploads\/2023\/04\/SGN-logo_uj.png\",\"width\":2520,\"height\":600,\"caption\":\"SGN-STEEL Kft.\"},\"image\":{\"@id\":\"https:\/\/www.karimagyartas.hu\/de\/#\/schema\/logo\/image\/\"}}]}<\/script>\n<!-- \/ Yoast SEO plugin. -->","yoast_head_json":{"title":"\u00dcber uns","robots":{"index":"index","follow":"follow","max-snippet":"max-snippet:-1","max-image-preview":"max-image-preview:large","max-video-preview":"max-video-preview:-1"},"og_locale":"de_DE","og_type":"article","og_title":"\u00dcber uns","og_url":"https:\/\/www.karimagyartas.hu\/de\/uber-uns\/","og_site_name":"SGN-STEEL Kft.","article_modified_time":"2025-10-20T10:54:41+00:00","og_image":[{"width":1810,"height":2560,"url":"https:\/\/www.karimagyartas.hu\/wp-content\/uploads\/2023\/05\/SKM_C25822061007431-scaled.webp","type":"image\/webp"}],"twitter_card":"summary_large_image","twitter_misc":{"Gesch\u00e4tzte Lesezeit":"3\u00a0Minuten"},"schema":{"@context":"https:\/\/schema.org","@graph":[{"@type":"WebPage","@id":"https:\/\/www.karimagyartas.hu\/de\/uber-uns\/","url":"https:\/\/www.karimagyartas.hu\/de\/uber-uns\/","name":"R\u00f3lunk - SGN-STEEL Kft.","isPartOf":{"@id":"https:\/\/www.karimagyartas.hu\/#website"},"primaryImageOfPage":{"@id":"https:\/\/www.karimagyartas.hu\/de\/uber-uns\/#primaryimage"},"image":{"@id":"https:\/\/www.karimagyartas.hu\/de\/uber-uns\/#primaryimage"},"thumbnailUrl":"http:\/\/www.karimagyartas.hu\/wp-content\/uploads\/2023\/05\/SKM_C25822061007431-724x1024.webp","datePublished":"2023-05-02T10:39:44+00:00","dateModified":"2025-10-20T10:54:41+00:00","breadcrumb":{"@id":"https:\/\/www.karimagyartas.hu\/de\/uber-uns\/#breadcrumb"},"inLanguage":"de","potentialAction":[{"@type":"ReadAction","target":["https:\/\/www.karimagyartas.hu\/de\/uber-uns\/"]}]},{"@type":"ImageObject","inLanguage":"de","@id":"https:\/\/www.karimagyartas.hu\/de\/uber-uns\/#primaryimage","url":"http:\/\/www.karimagyartas.hu\/wp-content\/uploads\/2023\/05\/SKM_C25822061007431-724x1024.webp","contentUrl":"http:\/\/www.karimagyartas.hu\/wp-content\/uploads\/2023\/05\/SKM_C25822061007431-724x1024.webp"},{"@type":"BreadcrumbList","@id":"https:\/\/www.karimagyartas.hu\/de\/uber-uns\/#breadcrumb","itemListElement":[{"@type":"ListItem","position":1,"name":"Home","item":"https:\/\/www.karimagyartas.hu\/"},{"@type":"ListItem","position":2,"name":"\u00dcber uns"}]},{"@type":"WebSite","@id":"https:\/\/www.karimagyartas.hu\/de\/#website","url":"https:\/\/www.karimagyartas.hu\/de\/","name":"SGN-STEEL Kft.","description":"","publisher":{"@id":"https:\/\/www.karimagyartas.hu\/de\/#organization"},"potentialAction":[{"@type":"SearchAction","target":{"@type":"EntryPoint","urlTemplate":"https:\/\/www.karimagyartas.hu\/de\/?s={search_term_string}"},"query-input":{"@type":"PropertyValueSpecification","valueRequired":true,"valueName":"search_term_string"}}],"inLanguage":"de"},{"@type":"Organization","@id":"https:\/\/www.karimagyartas.hu\/de\/#organization","name":"SGN-STEEL Kft.","url":"https:\/\/www.karimagyartas.hu\/de\/","logo":{"@type":"ImageObject","inLanguage":"de","@id":"https:\/\/www.karimagyartas.hu\/de\/#\/schema\/logo\/image\/","url":"https:\/\/www.karimagyartas.hu\/wp-content\/uploads\/2023\/04\/SGN-logo_uj.png","contentUrl":"https:\/\/www.karimagyartas.hu\/wp-content\/uploads\/2023\/04\/SGN-logo_uj.png","width":2520,"height":600,"caption":"SGN-STEEL Kft."},"image":{"@id":"https:\/\/www.karimagyartas.hu\/de\/#\/schema\/logo\/image\/"}}]}},"_links":{"self":[{"href":"https:\/\/www.karimagyartas.hu\/de\/wp-json\/wp\/v2\/pages\/292","targetHints":{"allow":["GET"]}}],"collection":[{"href":"https:\/\/www.karimagyartas.hu\/de\/wp-json\/wp\/v2\/pages"}],"about":[{"href":"https:\/\/www.karimagyartas.hu\/de\/wp-json\/wp\/v2\/types\/page"}],"author":[{"embeddable":true,"href":"https:\/\/www.karimagyartas.hu\/de\/wp-json\/wp\/v2\/users\/2"}],"replies":[{"embeddable":true,"href":"https:\/\/www.karimagyartas.hu\/de\/wp-json\/wp\/v2\/comments?post=292"}],"version-history":[{"count":230,"href":"https:\/\/www.karimagyartas.hu\/de\/wp-json\/wp\/v2\/pages\/292\/revisions"}],"predecessor-version":[{"id":2250,"href":"https:\/\/www.karimagyartas.hu\/de\/wp-json\/wp\/v2\/pages\/292\/revisions\/2250"}],"wp:attachment":[{"href":"https:\/\/www.karimagyartas.hu\/de\/wp-json\/wp\/v2\/media?parent=292"}],"curies":[{"name":"wp","href":"https:\/\/api.w.org\/{rel}","templated":true}]}}